{"id":11673,"date":"2023-03-16T13:32:41","date_gmt":"2023-03-16T12:32:41","guid":{"rendered":"https:\/\/stg-igico-staging.kinsta.cloud\/kontakte\/"},"modified":"2024-03-12T16:58:52","modified_gmt":"2024-03-12T15:58:52","slug":"kontakte","status":"publish","type":"page","link":"https:\/\/www.igieco.it\/de\/kontakte\/","title":{"rendered":"Kontakte"},"content":{"rendered":"\t\t<div data-elementor-type=\"wp-page\" data-elementor-id=\"11673\" class=\"elementor elementor-11673 elementor-676\" data-elementor-post-type=\"page\">\n\t\t\t\t\t\t<section class=\"elementor-section elementor-top-section elementor-element elementor-element-552b844 elementor-section-boxed elementor-section-height-default elementor-section-height-default\" data-id=\"552b844\" data-element_type=\"section\">\n\t\t\t\t\t\t<div class=\"elementor-container elementor-column-gap-default\">\n\t\t\t\t\t<div class=\"elementor-column elementor-col-16 elementor-top-column elementor-element elementor-element-5edb4a6\" data-id=\"5edb4a6\" data-element_type=\"column\">\n\t\t\t<div class=\"elementor-widget-wrap\">\n\t\t\t\t\t\t\t<\/div>\n\t\t<\/div>\n\t\t\t\t<div class=\"elementor-column elementor-col-66 elementor-top-column elementor-element elementor-element-36f459a\" data-id=\"36f459a\" data-element_type=\"column\">\n\t\t\t<div class=\"elementor-widget-wrap elementor-element-populated\">\n\t\t\t\t\t\t<div class=\"elementor-element elementor-element-514379a elementor-widget elementor-widget-distanziatore\" data-id=\"514379a\" data-element_type=\"widget\" data-widget_type=\"distanziatore.default\">\n\t\t\t\t<div class=\"elementor-widget-container\">\n\t\t\t\t\t\t\t<div class=\"distanziatore-spacer\">\n\t\t\t<div class=\"distanziatore-spacer-inner margin-max\"><\/div>\n\t\t<\/div>\n\t\t\t\t\t\t<\/div>\n\t\t\t\t<\/div>\n\t\t\t\t<div class=\"elementor-element elementor-element-5fd1b1f elementor-widget elementor-widget-titolo-e-sottotitolo\" data-id=\"5fd1b1f\" data-element_type=\"widget\" data-widget_type=\"titolo-e-sottotitolo.default\">\n\t\t\t\t<div class=\"elementor-widget-container\">\n\t\t\t\t\t<div class=\"titolo-e-sottotitolo\"><div class=\"title__container\"><H2 class=\"title\" style=\"\">Wir sind immer verf\u00fcgbar f\u00fcr alle Bed\u00fcrfnisse<\/H2><\/div><\/div>\t\t\t\t<\/div>\n\t\t\t\t<\/div>\n\t\t\t\t<div class=\"elementor-element elementor-element-dc1d13f elementor-widget elementor-widget-distanziatore\" data-id=\"dc1d13f\" data-element_type=\"widget\" data-widget_type=\"distanziatore.default\">\n\t\t\t\t<div class=\"elementor-widget-container\">\n\t\t\t\t\t\t\t<div class=\"distanziatore-spacer\">\n\t\t\t<div class=\"distanziatore-spacer-inner margin-max\"><\/div>\n\t\t<\/div>\n\t\t\t\t\t\t<\/div>\n\t\t\t\t<\/div>\n\t\t\t\t\t<\/div>\n\t\t<\/div>\n\t\t\t\t<div class=\"elementor-column elementor-col-16 elementor-top-column elementor-element elementor-element-ec4b656\" data-id=\"ec4b656\" data-element_type=\"column\">\n\t\t\t<div class=\"elementor-widget-wrap\">\n\t\t\t\t\t\t\t<\/div>\n\t\t<\/div>\n\t\t\t\t\t<\/div>\n\t\t<\/section>\n\t\t\t\t<section class=\"elementor-section elementor-top-section elementor-element elementor-element-18af190 elementor-section-boxed elementor-section-height-default elementor-section-height-default\" data-id=\"18af190\" data-element_type=\"section\">\n\t\t\t\t\t\t<div class=\"elementor-container elementor-column-gap-default\">\n\t\t\t\t\t<div class=\"elementor-column elementor-col-100 elementor-top-column elementor-element elementor-element-3f121bd\" data-id=\"3f121bd\" data-element_type=\"column\">\n\t\t\t<div class=\"elementor-widget-wrap elementor-element-populated\">\n\t\t\t\t\t\t<div class=\"elementor-element elementor-element-65b3ad6 elementor-widget elementor-widget-shortcode\" data-id=\"65b3ad6\" data-element_type=\"widget\" data-widget_type=\"shortcode.default\">\n\t\t\t\t<div class=\"elementor-widget-container\">\n\t\t\t\t\t\t\t<div class=\"elementor-shortcode\">\n<div class=\"wpcf7 no-js\" id=\"wpcf7-f11779-o1\" lang=\"de-DE\" dir=\"ltr\">\n<div class=\"screen-reader-response\"><p role=\"status\" aria-live=\"polite\" aria-atomic=\"true\"><\/p> <ul><\/ul><\/div>\n<form action=\"\/de\/wp-json\/wp\/v2\/pages\/11673#wpcf7-f11779-o1\" method=\"post\" class=\"wpcf7-form init\" aria-label=\"Kontaktformular\" novalidate=\"novalidate\" data-status=\"init\">\n<div style=\"display: none;\">\n<input type=\"hidden\" name=\"_wpcf7\" value=\"11779\" \/>\n<input type=\"hidden\" name=\"_wpcf7_version\" value=\"5.8.4\" \/>\n<input type=\"hidden\" name=\"_wpcf7_locale\" value=\"de_DE\" \/>\n<input type=\"hidden\" name=\"_wpcf7_unit_tag\" value=\"wpcf7-f11779-o1\" \/>\n<input type=\"hidden\" name=\"_wpcf7_container_post\" value=\"0\" \/>\n<input type=\"hidden\" name=\"_wpcf7_posted_data_hash\" value=\"\" \/>\n<input type=\"hidden\" name=\"_wpcf7_recaptcha_response\" value=\"\" \/>\n<\/div>\n<h3 class=\"form_section_title\">F\u00fclle das Formular aus\n<\/h3>\n<div class=\"form_row form_row_100\">\n\t<p><label> <span class=\"label\">Name und Nachname*<\/span><br \/>\n<span class=\"wpcf7-form-control-wrap\" data-name=\"nome_cognome\"><input size=\"40\" maxlength=\"200\" class=\"wpcf7-form-control wpcf7-text wpcf7-validates-as-required\" aria-required=\"true\" aria-invalid=\"false\" value=\"\" type=\"text\" name=\"nome_cognome\" \/><\/span> <\/label>\n\t<\/p>\n<\/div>\n<div class=\"form_row form_row_50\">\n\t<p><label> <span class=\"label\">Email*<\/span><br \/>\n<span class=\"wpcf7-form-control-wrap\" data-name=\"email\"><input size=\"40\" maxlength=\"100\" class=\"wpcf7-form-control wpcf7-email wpcf7-validates-as-required wpcf7-text wpcf7-validates-as-email\" aria-required=\"true\" aria-invalid=\"false\" value=\"\" type=\"email\" name=\"email\" \/><\/span> <\/label><br \/>\n<label> <span class=\"label\">Betreff*<\/span><br \/>\n<span class=\"wpcf7-form-control-wrap\" data-name=\"oggetto\"><input size=\"40\" maxlength=\"200\" class=\"wpcf7-form-control wpcf7-text wpcf7-validates-as-required\" aria-required=\"true\" aria-invalid=\"false\" value=\"\" type=\"text\" name=\"oggetto\" \/><\/span> <\/label>\n\t<\/p>\n<\/div>\n<div class=\"form_row form_row_100\">\n\t<p><label> <span class=\"label\">Nachricht<\/span><br \/>\n<span class=\"wpcf7-form-control-wrap\" data-name=\"messaggio\"><textarea cols=\"40\" rows=\"3\" class=\"wpcf7-form-control wpcf7-textarea\" aria-invalid=\"false\" name=\"messaggio\"><\/textarea><\/span> <\/label>\n\t<\/p>\n<\/div>\n<div class=\"form_row form_row_100\">\n\t<p><span class=\"small_info\">* Alle mit * markierten Felder werden ben\u00f6tigt<\/span>\n\t<\/p>\n<\/div>\n<div class=\"form_row form_row_100 acceptance\">\n\t<p><span class=\"wpcf7-form-control-wrap\" data-name=\"accettazione-privacy\"><span class=\"wpcf7-form-control wpcf7-acceptance\"><span class=\"wpcf7-list-item\"><label><input type=\"checkbox\" name=\"accettazione-privacy\" value=\"1\" aria-invalid=\"false\" \/><span class=\"wpcf7-list-item-label\">Nach Kenntnisnahme des <a href=\"https:\/\/www.imac-italia.it\/documenti\/informativa_utenti_sito_igieco_de.pdf\" target=\"_blank\">Informationshinweises<\/a>, bitte ich  um Kontaktaufnahme mit mir f\u00fcr die Aktivit\u00e4t bez\u00fcglich meiner Anfrage  und genehmige die Verarbeitung meiner personenbezogenen Daten.<\/span><\/label><\/span><\/span><\/span>\n\t<\/p>\n<\/div>\n<div class=\"form_row form_row_100 button_submit\">\n\t<p><input class=\"wpcf7-form-control wpcf7-submit has-spinner\" type=\"submit\" value=\"Senden\" \/>\n\t<\/p>\n<\/div><div class=\"wpcf7-response-output\" aria-hidden=\"true\"><\/div>\n<\/form>\n<\/div>\n<\/div>\n\t\t\t\t\t\t<\/div>\n\t\t\t\t<\/div>\n\t\t\t\t\t<\/div>\n\t\t<\/div>\n\t\t\t\t\t<\/div>\n\t\t<\/section>\n\t\t\t\t<section class=\"elementor-section elementor-top-section elementor-element elementor-element-cf85826 elementor-section-boxed elementor-section-height-default elementor-section-height-default\" data-id=\"cf85826\" data-element_type=\"section\">\n\t\t\t\t\t\t<div class=\"elementor-container elementor-column-gap-default\">\n\t\t\t\t\t<div class=\"elementor-column elementor-col-50 elementor-top-column elementor-element elementor-element-d478a70\" data-id=\"d478a70\" data-element_type=\"column\">\n\t\t\t<div class=\"elementor-widget-wrap elementor-element-populated\">\n\t\t\t\t\t\t<div class=\"elementor-element elementor-element-3fd8a72 elementor-widget elementor-widget-heading\" data-id=\"3fd8a72\" data-element_type=\"widget\" data-widget_type=\"heading.default\">\n\t\t\t\t<div class=\"elementor-widget-container\">\n\t\t\t\t\t<h3 class=\"elementor-heading-title elementor-size-default\">Unternehmen<\/h3>\t\t\t\t<\/div>\n\t\t\t\t<\/div>\n\t\t\t\t<div class=\"elementor-element elementor-element-e89efa5 elementor-widget elementor-widget-heading\" data-id=\"e89efa5\" data-element_type=\"widget\" data-widget_type=\"heading.default\">\n\t\t\t\t<div class=\"elementor-widget-container\">\n\t\t\t\t\t<div class=\"elementor-heading-title elementor-size-default\">IMAC spa - IGI Division<\/div>\t\t\t\t<\/div>\n\t\t\t\t<\/div>\n\t\t\t\t<div class=\"elementor-element elementor-element-326713f elementor-widget elementor-widget-heading\" data-id=\"326713f\" data-element_type=\"widget\" data-widget_type=\"heading.default\">\n\t\t\t\t<div class=\"elementor-widget-container\">\n\t\t\t\t\t<div class=\"elementor-heading-title elementor-size-default\">+39 075 50281<\/div>\t\t\t\t<\/div>\n\t\t\t\t<\/div>\n\t\t\t\t<div class=\"elementor-element elementor-element-173211c elementor-widget elementor-widget-heading\" data-id=\"173211c\" data-element_type=\"widget\" data-widget_type=\"heading.default\">\n\t\t\t\t<div class=\"elementor-widget-container\">\n\t\t\t\t\t<div class=\"elementor-heading-title elementor-size-default\"><strong>Fax<\/strong> +39 075 5171795<\/div>\t\t\t\t<\/div>\n\t\t\t\t<\/div>\n\t\t\t\t<div class=\"elementor-element elementor-element-36d62b1 elementor-widget elementor-widget-text-editor\" data-id=\"36d62b1\" data-element_type=\"widget\" data-widget_type=\"text-editor.default\">\n\t\t\t\t<div class=\"elementor-widget-container\">\n\t\t\t\t\t\t\t\t\t<p>Via Sandro Pertini, 6<br \/>06073 Ellera di Corciano (PG) <br \/>P. Iva 00985500446<\/p>\t\t\t\t\t\t\t\t<\/div>\n\t\t\t\t<\/div>\n\t\t\t\t\t<\/div>\n\t\t<\/div>\n\t\t\t\t<div class=\"elementor-column elementor-col-50 elementor-top-column elementor-element elementor-element-c5bae68\" data-id=\"c5bae68\" data-element_type=\"column\">\n\t\t\t<div class=\"elementor-widget-wrap elementor-element-populated\">\n\t\t\t\t\t\t<div class=\"elementor-element elementor-element-80b9c01 elementor-widget elementor-widget-heading\" data-id=\"80b9c01\" data-element_type=\"widget\" data-widget_type=\"heading.default\">\n\t\t\t\t<div class=\"elementor-widget-container\">\n\t\t\t\t\t<h3 class=\"elementor-heading-title elementor-size-default\">Kundendienst<\/h3>\t\t\t\t<\/div>\n\t\t\t\t<\/div>\n\t\t\t\t<div class=\"elementor-element elementor-element-bcce924 elementor-widget elementor-widget-heading\" data-id=\"bcce924\" data-element_type=\"widget\" data-widget_type=\"heading.default\">\n\t\t\t\t<div class=\"elementor-widget-container\">\n\t\t\t\t\t<div class=\"elementor-heading-title elementor-size-default\"><a href=\"mailto:assistenza.shoponline@primigi.it\">assistenza.shoponline@igieco.it<\/a><\/div>\t\t\t\t<\/div>\n\t\t\t\t<\/div>\n\t\t\t\t\t<\/div>\n\t\t<\/div>\n\t\t\t\t\t<\/div>\n\t\t<\/section>\n\t\t\t\t<\/div>\n\t\t","protected":false},"excerpt":{"rendered":"<p>Wir sind immer verf\u00fcgbar f\u00fcr alle Bed\u00fcrfnisse Unternehmen IMAC spa &#8211; IGI Division +39 075 50281 Fax +39 075 5171795 Via Sandro Pertini, 606073 Ellera di Corciano (PG) P. Iva 00985500446 Kundendienst assistenza.shoponline@igieco.it<\/p>\n","protected":false},"author":4,"featured_media":0,"parent":0,"menu_order":0,"comment_status":"closed","ping_status":"closed","template":"","meta":{"_acf_changed":false,"site-sidebar-layout":"no-sidebar","site-content-layout":"page-builder","ast-site-content-layout":"","site-content-style":"default","site-sidebar-style":"default","ast-global-header-display":"","ast-banner-title-visibility":"","ast-main-header-display":"","ast-hfb-above-header-display":"","ast-hfb-below-header-display":"","ast-hfb-mobile-header-display":"","site-post-title":"disabled","ast-breadcrumbs-content":"","ast-featured-img":"disabled","footer-sml-layout":"","theme-transparent-header-meta":"","adv-header-id-meta":"","stick-header-meta":"","header-above-stick-meta":"","header-main-stick-meta":"","header-below-stick-meta":"","astra-migrate-meta-layouts":"","ast-page-background-enabled":"default","ast-page-background-meta":{"desktop":{"background-color":"var(--ast-global-color-4)","background-image":"","background-repeat":"repeat","background-position":"center center","background-size":"auto","background-attachment":"scroll","background-type":"","background-media":"","overlay-type":"","overlay-color":"","overlay-gradient":""},"tablet":{"background-color":"","background-image":"","background-repeat":"repeat","background-position":"center center","background-size":"auto","background-attachment":"scroll","background-type":"","background-media":"","overlay-type":"","overlay-color":"","overlay-gradient":""},"mobile":{"background-color":"","background-image":"","background-repeat":"repeat","background-position":"center center","background-size":"auto","background-attachment":"scroll","background-type":"","background-media":"","overlay-type":"","overlay-color":"","overlay-gradient":""}},"ast-content-background-meta":{"desktop":{"background-color":"var(--ast-global-color-5)","background-image":"","background-repeat":"repeat","background-position":"center center","background-size":"auto","background-attachment":"scroll","background-type":"","background-media":"","overlay-type":"","overlay-color":"","overlay-gradient":""},"tablet":{"background-color":"var(--ast-global-color-5)","background-image":"","background-repeat":"repeat","background-position":"center center","background-size":"auto","background-attachment":"scroll","background-type":"","background-media":"","overlay-type":"","overlay-color":"","overlay-gradient":""},"mobile":{"background-color":"var(--ast-global-color-5)","background-image":"","background-repeat":"repeat","background-position":"center center","background-size":"auto","background-attachment":"scroll","background-type":"","background-media":"","overlay-type":"","overlay-color":"","overlay-gradient":""}},"footnotes":""},"class_list":["post-11673","page","type-page","status-publish","hentry"],"acf":[],"yoast_head":"<!-- This site is optimized with the Yoast SEO plugin v21.7 - https:\/\/yoast.com\/wordpress\/plugins\/seo\/ -->\n<title>Kontakte | Igi&amp;Co<\/title>\n<meta name=\"description\" content=\"Igi&amp;Co | Kontakte | Entra in contatto con noi, compila il form il nostro ufficio assistenza \u00e8 a tua completa disposizione\" \/>\n<meta name=\"robots\" content=\"index, follow, max-snippet:-1, max-image-preview:large, max-video-preview:-1\" \/>\n<link rel=\"canonical\" href=\"https:\/\/www.igieco.it\/de\/kontakte\/\" \/>\n<meta property=\"og:locale\" content=\"de_DE\" \/>\n<meta property=\"og:type\" content=\"article\" \/>\n<meta property=\"og:title\" content=\"Kontakte | Igi&amp;Co\" \/>\n<meta property=\"og:description\" content=\"Igi&amp;Co | Kontakte | Entra in contatto con noi, compila il form il nostro ufficio assistenza \u00e8 a tua completa disposizione\" \/>\n<meta property=\"og:url\" content=\"https:\/\/www.igieco.it\/de\/kontakte\/\" \/>\n<meta property=\"og:site_name\" content=\"Igi&amp;Co\" \/>\n<meta property=\"article:publisher\" content=\"https:\/\/www.facebook.com\/IgiCo-Store-284085865540409\/\" \/>\n<meta property=\"article:modified_time\" content=\"2024-03-12T15:58:52+00:00\" \/>\n<meta name=\"twitter:card\" content=\"summary_large_image\" \/>\n<meta name=\"twitter:label1\" content=\"Gesch\u00e4tzte Lesezeit\" \/>\n\t<meta name=\"twitter:data1\" content=\"1\u00a0Minute\" \/>\n<script type=\"application\/ld+json\" class=\"yoast-schema-graph\">{\"@context\":\"https:\/\/schema.org\",\"@graph\":[{\"@type\":\"WebPage\",\"@id\":\"https:\/\/www.igieco.it\/de\/kontakte\/\",\"url\":\"https:\/\/www.igieco.it\/de\/kontakte\/\",\"name\":\"Kontakte | Igi&amp;Co\",\"isPartOf\":{\"@id\":\"https:\/\/www.igieco.it\/de\/#website\"},\"datePublished\":\"2023-03-16T12:32:41+00:00\",\"dateModified\":\"2024-03-12T15:58:52+00:00\",\"description\":\"Igi&amp;Co | Kontakte | Entra in contatto con noi, compila il form il nostro ufficio assistenza \u00e8 a tua completa disposizione\",\"inLanguage\":\"de\",\"potentialAction\":[{\"@type\":\"ReadAction\",\"target\":[\"https:\/\/www.igieco.it\/de\/kontakte\/\"]}]},{\"@type\":\"WebSite\",\"@id\":\"https:\/\/www.igieco.it\/de\/#website\",\"url\":\"https:\/\/www.igieco.it\/de\/\",\"name\":\"Igi&Co\",\"description\":\"\",\"publisher\":{\"@id\":\"https:\/\/www.igieco.it\/de\/#organization\"},\"potentialAction\":[{\"@type\":\"SearchAction\",\"target\":{\"@type\":\"EntryPoint\",\"urlTemplate\":\"https:\/\/www.igieco.it\/de\/?s={search_term_string}\"},\"query-input\":\"required name=search_term_string\"}],\"inLanguage\":\"de\"},{\"@type\":\"Organization\",\"@id\":\"https:\/\/www.igieco.it\/de\/#organization\",\"name\":\"Igi&Co\",\"url\":\"https:\/\/www.igieco.it\/de\/\",\"logo\":{\"@type\":\"ImageObject\",\"inLanguage\":\"de\",\"@id\":\"https:\/\/www.igieco.it\/de\/#\/schema\/logo\/image\/\",\"url\":\"https:\/\/www.igieco.it\/wp-content\/uploads\/2023\/11\/logo.jpg\",\"contentUrl\":\"https:\/\/www.igieco.it\/wp-content\/uploads\/2023\/11\/logo.jpg\",\"width\":1080,\"height\":1080,\"caption\":\"Igi&Co\"},\"image\":{\"@id\":\"https:\/\/www.igieco.it\/de\/#\/schema\/logo\/image\/\"},\"sameAs\":[\"https:\/\/www.facebook.com\/IgiCo-Store-284085865540409\/\",\"https:\/\/www.instagram.com\/igieco_official\/\",\"https:\/\/www.youtube.com\/@igieco_official\"]}]}<\/script>\n<!-- \/ Yoast SEO plugin. -->","yoast_head_json":{"title":"Kontakte | Igi&amp;Co","description":"Igi&amp;Co | Kontakte | Entra in contatto con noi, compila il form il nostro ufficio assistenza \u00e8 a tua completa disposizione","robots":{"index":"index","follow":"follow","max-snippet":"max-snippet:-1","max-image-preview":"max-image-preview:large","max-video-preview":"max-video-preview:-1"},"canonical":"https:\/\/www.igieco.it\/de\/kontakte\/","og_locale":"de_DE","og_type":"article","og_title":"Kontakte | Igi&amp;Co","og_description":"Igi&amp;Co | Kontakte | Entra in contatto con noi, compila il form il nostro ufficio assistenza \u00e8 a tua completa disposizione","og_url":"https:\/\/www.igieco.it\/de\/kontakte\/","og_site_name":"Igi&amp;Co","article_publisher":"https:\/\/www.facebook.com\/IgiCo-Store-284085865540409\/","article_modified_time":"2024-03-12T15:58:52+00:00","twitter_card":"summary_large_image","twitter_misc":{"Gesch\u00e4tzte Lesezeit":"1\u00a0Minute"},"schema":{"@context":"https:\/\/schema.org","@graph":[{"@type":"WebPage","@id":"https:\/\/www.igieco.it\/de\/kontakte\/","url":"https:\/\/www.igieco.it\/de\/kontakte\/","name":"Kontakte | Igi&amp;Co","isPartOf":{"@id":"https:\/\/www.igieco.it\/de\/#website"},"datePublished":"2023-03-16T12:32:41+00:00","dateModified":"2024-03-12T15:58:52+00:00","description":"Igi&amp;Co | Kontakte | Entra in contatto con noi, compila il form il nostro ufficio assistenza \u00e8 a tua completa disposizione","inLanguage":"de","potentialAction":[{"@type":"ReadAction","target":["https:\/\/www.igieco.it\/de\/kontakte\/"]}]},{"@type":"WebSite","@id":"https:\/\/www.igieco.it\/de\/#website","url":"https:\/\/www.igieco.it\/de\/","name":"Igi&Co","description":"","publisher":{"@id":"https:\/\/www.igieco.it\/de\/#organization"},"potentialAction":[{"@type":"SearchAction","target":{"@type":"EntryPoint","urlTemplate":"https:\/\/www.igieco.it\/de\/?s={search_term_string}"},"query-input":"required name=search_term_string"}],"inLanguage":"de"},{"@type":"Organization","@id":"https:\/\/www.igieco.it\/de\/#organization","name":"Igi&Co","url":"https:\/\/www.igieco.it\/de\/","logo":{"@type":"ImageObject","inLanguage":"de","@id":"https:\/\/www.igieco.it\/de\/#\/schema\/logo\/image\/","url":"https:\/\/www.igieco.it\/wp-content\/uploads\/2023\/11\/logo.jpg","contentUrl":"https:\/\/www.igieco.it\/wp-content\/uploads\/2023\/11\/logo.jpg","width":1080,"height":1080,"caption":"Igi&Co"},"image":{"@id":"https:\/\/www.igieco.it\/de\/#\/schema\/logo\/image\/"},"sameAs":["https:\/\/www.facebook.com\/IgiCo-Store-284085865540409\/","https:\/\/www.instagram.com\/igieco_official\/","https:\/\/www.youtube.com\/@igieco_official"]}]}},"wpml_current_locale":"de_DE","wpml_translations":{"it_IT":{"locale":"it_IT","id":676,"slug":"contatti","post_title":"Contatti","href":"https:\/\/www.igieco.it\/contatti\/"},"en_US":{"locale":"en_US","id":11654,"slug":"contacts","post_title":"Contacts","href":"https:\/\/www.igieco.it\/en\/contacts\/"},"fr_FR":{"locale":"fr_FR","id":11667,"slug":"contact","post_title":"Contacts","href":"https:\/\/www.igieco.it\/fr\/contacts\/"},"ru_RU":{"locale":"ru_RU","id":11675,"slug":"%d0%ba%d0%be%d0%bd%d1%82%d0%b0%d0%ba%d1%82%d1%8b","post_title":"\u041a\u041e\u041d\u0422\u0410\u041a\u0422\u042b","href":"https:\/\/www.igieco.it\/ru\/%D0%BA%D0%BE%D0%BD%D1%82%D0%B0%D0%BA%D1%82%D1%8B\/"},"es_ES":{"locale":"es_ES","id":11677,"slug":"contactos","post_title":"Contactos","href":"https:\/\/www.igieco.it\/es\/contactos\/"}},"_links":{"self":[{"href":"https:\/\/www.igieco.it\/de\/wp-json\/wp\/v2\/pages\/11673","targetHints":{"allow":["GET"]}}],"collection":[{"href":"https:\/\/www.igieco.it\/de\/wp-json\/wp\/v2\/pages"}],"about":[{"href":"https:\/\/www.igieco.it\/de\/wp-json\/wp\/v2\/types\/page"}],"author":[{"embeddable":true,"href":"https:\/\/www.igieco.it\/de\/wp-json\/wp\/v2\/users\/4"}],"replies":[{"embeddable":true,"href":"https:\/\/www.igieco.it\/de\/wp-json\/wp\/v2\/comments?post=11673"}],"version-history":[{"count":31,"href":"https:\/\/www.igieco.it\/de\/wp-json\/wp\/v2\/pages\/11673\/revisions"}],"predecessor-version":[{"id":19476,"href":"https:\/\/www.igieco.it\/de\/wp-json\/wp\/v2\/pages\/11673\/revisions\/19476"}],"wp:attachment":[{"href":"https:\/\/www.igieco.it\/de\/wp-json\/wp\/v2\/media?parent=11673"}],"curies":[{"name":"wp","href":"https:\/\/api.w.org\/{rel}","templated":true}]}}