{"id":15889,"date":"2023-03-20T18:03:16","date_gmt":"2023-03-20T17:03:16","guid":{"rendered":"https:\/\/www.igieco.it\/groessentabelle\/"},"modified":"2023-11-10T12:13:41","modified_gmt":"2023-11-10T11:13:41","slug":"groessentabelle","status":"publish","type":"page","link":"https:\/\/www.igieco.it\/de\/groessentabelle\/","title":{"rendered":"Gr\u00f6\u00dfentabelle"},"content":{"rendered":"\t\t<div data-elementor-type=\"wp-page\" data-elementor-id=\"15889\" class=\"elementor elementor-15889 elementor-1063\" data-elementor-post-type=\"page\">\n\t\t\t\t\t\t<section class=\"elementor-section elementor-top-section elementor-element elementor-element-80f54b3 elementor-section-boxed elementor-section-height-default elementor-section-height-default\" data-id=\"80f54b3\" data-element_type=\"section\">\n\t\t\t\t\t\t<div class=\"elementor-container elementor-column-gap-default\">\n\t\t\t\t\t<div class=\"elementor-column elementor-col-100 elementor-top-column elementor-element elementor-element-21b7791\" data-id=\"21b7791\" data-element_type=\"column\">\n\t\t\t<div class=\"elementor-widget-wrap elementor-element-populated\">\n\t\t\t\t\t\t<div class=\"elementor-element elementor-element-3f9d026 elementor-widget elementor-widget-image\" data-id=\"3f9d026\" data-element_type=\"widget\" data-widget_type=\"image.default\">\n\t\t\t\t<div class=\"elementor-widget-container\">\n\t\t\t\t\t\t\t\t\t\t\t\t\t\t\t<img fetchpriority=\"high\" decoding=\"async\" width=\"1002\" height=\"707\" src=\"https:\/\/www.igieco.it\/wp-content\/uploads\/2023\/09\/tabella-taglie-_igieco.jpg\" class=\"attachment-large size-large wp-image-13412\" alt=\"\" srcset=\"https:\/\/www.igieco.it\/wp-content\/uploads\/2023\/09\/tabella-taglie-_igieco.jpg 1002w, https:\/\/www.igieco.it\/wp-content\/uploads\/2023\/09\/tabella-taglie-_igieco-300x212.jpg 300w, https:\/\/www.igieco.it\/wp-content\/uploads\/2023\/09\/tabella-taglie-_igieco-768x542.jpg 768w\" sizes=\"(max-width: 1002px) 100vw, 1002px\" \/>\t\t\t\t\t\t\t\t\t\t\t\t\t\t\t<\/div>\n\t\t\t\t<\/div>\n\t\t\t\t\t<\/div>\n\t\t<\/div>\n\t\t\t\t\t<\/div>\n\t\t<\/section>\n\t\t\t\t<\/div>\n\t\t","protected":false},"excerpt":{"rendered":"","protected":false},"author":4,"featured_media":0,"parent":0,"menu_order":0,"comment_status":"closed","ping_status":"closed","template":"","meta":{"_acf_changed":false,"site-sidebar-layout":"no-sidebar","site-content-layout":"page-builder","ast-site-content-layout":"","site-content-style":"default","site-sidebar-style":"default","ast-global-header-display":"","ast-banner-title-visibility":"","ast-main-header-display":"","ast-hfb-above-header-display":"","ast-hfb-below-header-display":"","ast-hfb-mobile-header-display":"","site-post-title":"disabled","ast-breadcrumbs-content":"","ast-featured-img":"disabled","footer-sml-layout":"","theme-transparent-header-meta":"","adv-header-id-meta":"","stick-header-meta":"","header-above-stick-meta":"","header-main-stick-meta":"","header-below-stick-meta":"","astra-migrate-meta-layouts":"","ast-page-background-enabled":"default","ast-page-background-meta":{"desktop":{"background-color":"var(--ast-global-color-4)","background-image":"","background-repeat":"repeat","background-position":"center center","background-size":"auto","background-attachment":"scroll","background-type":"","background-media":"","overlay-type":"","overlay-color":"","overlay-gradient":""},"tablet":{"background-color":"","background-image":"","background-repeat":"repeat","background-position":"center center","background-size":"auto","background-attachment":"scroll","background-type":"","background-media":"","overlay-type":"","overlay-color":"","overlay-gradient":""},"mobile":{"background-color":"","background-image":"","background-repeat":"repeat","background-position":"center center","background-size":"auto","background-attachment":"scroll","background-type":"","background-media":"","overlay-type":"","overlay-color":"","overlay-gradient":""}},"ast-content-background-meta":{"desktop":{"background-color":"var(--ast-global-color-5)","background-image":"","background-repeat":"repeat","background-position":"center center","background-size":"auto","background-attachment":"scroll","background-type":"","background-media":"","overlay-type":"","overlay-color":"","overlay-gradient":""},"tablet":{"background-color":"var(--ast-global-color-5)","background-image":"","background-repeat":"repeat","background-position":"center center","background-size":"auto","background-attachment":"scroll","background-type":"","background-media":"","overlay-type":"","overlay-color":"","overlay-gradient":""},"mobile":{"background-color":"var(--ast-global-color-5)","background-image":"","background-repeat":"repeat","background-position":"center center","background-size":"auto","background-attachment":"scroll","background-type":"","background-media":"","overlay-type":"","overlay-color":"","overlay-gradient":""}},"footnotes":""},"class_list":["post-15889","page","type-page","status-publish","hentry"],"acf":[],"yoast_head":"<!-- This site is optimized with the Yoast SEO plugin v21.7 - https:\/\/yoast.com\/wordpress\/plugins\/seo\/ -->\n<title>Gr\u00f6\u00dfentabelle | Igi&amp;Co<\/title>\n<meta name=\"description\" content=\"Igi&amp;Co | Gr\u00f6\u00dfentabelle | Gr\u00f6\u00dfenumrechnungstabelle, die Ihnen bei der Auswahl Ihrer Igi&amp;Co-Schuhe hilft.\" \/>\n<meta name=\"robots\" content=\"index, follow, max-snippet:-1, max-image-preview:large, max-video-preview:-1\" \/>\n<link rel=\"canonical\" href=\"https:\/\/www.igieco.it\/de\/groessentabelle\/\" \/>\n<meta property=\"og:locale\" content=\"de_DE\" \/>\n<meta property=\"og:type\" content=\"article\" \/>\n<meta property=\"og:title\" content=\"Gr\u00f6\u00dfentabelle | Igi&amp;Co\" \/>\n<meta property=\"og:description\" content=\"Igi&amp;Co | Gr\u00f6\u00dfentabelle | Gr\u00f6\u00dfenumrechnungstabelle, die Ihnen bei der Auswahl Ihrer Igi&amp;Co-Schuhe hilft.\" \/>\n<meta property=\"og:url\" content=\"https:\/\/www.igieco.it\/de\/groessentabelle\/\" \/>\n<meta property=\"og:site_name\" content=\"Igi&amp;Co\" \/>\n<meta property=\"article:publisher\" content=\"https:\/\/www.facebook.com\/IgiCo-Store-284085865540409\/\" \/>\n<meta property=\"article:modified_time\" content=\"2023-11-10T11:13:41+00:00\" \/>\n<meta property=\"og:image\" content=\"https:\/\/www.igieco.it\/wp-content\/uploads\/2023\/09\/tabella-taglie-_igieco.jpg\" \/>\n<meta name=\"twitter:card\" content=\"summary_large_image\" \/>\n<script type=\"application\/ld+json\" class=\"yoast-schema-graph\">{\"@context\":\"https:\/\/schema.org\",\"@graph\":[{\"@type\":\"WebPage\",\"@id\":\"https:\/\/www.igieco.it\/de\/groessentabelle\/\",\"url\":\"https:\/\/www.igieco.it\/de\/groessentabelle\/\",\"name\":\"Gr\u00f6\u00dfentabelle | Igi&amp;Co\",\"isPartOf\":{\"@id\":\"https:\/\/www.igieco.it\/de\/#website\"},\"datePublished\":\"2023-03-20T17:03:16+00:00\",\"dateModified\":\"2023-11-10T11:13:41+00:00\",\"description\":\"Igi&amp;Co | Gr\u00f6\u00dfentabelle | Gr\u00f6\u00dfenumrechnungstabelle, die Ihnen bei der Auswahl Ihrer Igi&Co-Schuhe hilft.\",\"inLanguage\":\"de\",\"potentialAction\":[{\"@type\":\"ReadAction\",\"target\":[\"https:\/\/www.igieco.it\/de\/groessentabelle\/\"]}]},{\"@type\":\"WebSite\",\"@id\":\"https:\/\/www.igieco.it\/de\/#website\",\"url\":\"https:\/\/www.igieco.it\/de\/\",\"name\":\"Igi&Co\",\"description\":\"\",\"publisher\":{\"@id\":\"https:\/\/www.igieco.it\/de\/#organization\"},\"potentialAction\":[{\"@type\":\"SearchAction\",\"target\":{\"@type\":\"EntryPoint\",\"urlTemplate\":\"https:\/\/www.igieco.it\/de\/?s={search_term_string}\"},\"query-input\":\"required name=search_term_string\"}],\"inLanguage\":\"de\"},{\"@type\":\"Organization\",\"@id\":\"https:\/\/www.igieco.it\/de\/#organization\",\"name\":\"Igi&Co\",\"url\":\"https:\/\/www.igieco.it\/de\/\",\"logo\":{\"@type\":\"ImageObject\",\"inLanguage\":\"de\",\"@id\":\"https:\/\/www.igieco.it\/de\/#\/schema\/logo\/image\/\",\"url\":\"https:\/\/www.igieco.it\/wp-content\/uploads\/2023\/11\/logo.jpg\",\"contentUrl\":\"https:\/\/www.igieco.it\/wp-content\/uploads\/2023\/11\/logo.jpg\",\"width\":1080,\"height\":1080,\"caption\":\"Igi&Co\"},\"image\":{\"@id\":\"https:\/\/www.igieco.it\/de\/#\/schema\/logo\/image\/\"},\"sameAs\":[\"https:\/\/www.facebook.com\/IgiCo-Store-284085865540409\/\",\"https:\/\/www.instagram.com\/igieco_official\/\",\"https:\/\/www.youtube.com\/@igieco_official\"]}]}<\/script>\n<!-- \/ Yoast SEO plugin. -->","yoast_head_json":{"title":"Gr\u00f6\u00dfentabelle | Igi&amp;Co","description":"Igi&amp;Co | Gr\u00f6\u00dfentabelle | Gr\u00f6\u00dfenumrechnungstabelle, die Ihnen bei der Auswahl Ihrer Igi&Co-Schuhe hilft.","robots":{"index":"index","follow":"follow","max-snippet":"max-snippet:-1","max-image-preview":"max-image-preview:large","max-video-preview":"max-video-preview:-1"},"canonical":"https:\/\/www.igieco.it\/de\/groessentabelle\/","og_locale":"de_DE","og_type":"article","og_title":"Gr\u00f6\u00dfentabelle | Igi&amp;Co","og_description":"Igi&amp;Co | Gr\u00f6\u00dfentabelle | Gr\u00f6\u00dfenumrechnungstabelle, die Ihnen bei der Auswahl Ihrer Igi&Co-Schuhe hilft.","og_url":"https:\/\/www.igieco.it\/de\/groessentabelle\/","og_site_name":"Igi&amp;Co","article_publisher":"https:\/\/www.facebook.com\/IgiCo-Store-284085865540409\/","article_modified_time":"2023-11-10T11:13:41+00:00","og_image":[{"url":"https:\/\/www.igieco.it\/wp-content\/uploads\/2023\/09\/tabella-taglie-_igieco.jpg"}],"twitter_card":"summary_large_image","schema":{"@context":"https:\/\/schema.org","@graph":[{"@type":"WebPage","@id":"https:\/\/www.igieco.it\/de\/groessentabelle\/","url":"https:\/\/www.igieco.it\/de\/groessentabelle\/","name":"Gr\u00f6\u00dfentabelle | Igi&amp;Co","isPartOf":{"@id":"https:\/\/www.igieco.it\/de\/#website"},"datePublished":"2023-03-20T17:03:16+00:00","dateModified":"2023-11-10T11:13:41+00:00","description":"Igi&amp;Co | Gr\u00f6\u00dfentabelle | Gr\u00f6\u00dfenumrechnungstabelle, die Ihnen bei der Auswahl Ihrer Igi&Co-Schuhe hilft.","inLanguage":"de","potentialAction":[{"@type":"ReadAction","target":["https:\/\/www.igieco.it\/de\/groessentabelle\/"]}]},{"@type":"WebSite","@id":"https:\/\/www.igieco.it\/de\/#website","url":"https:\/\/www.igieco.it\/de\/","name":"Igi&Co","description":"","publisher":{"@id":"https:\/\/www.igieco.it\/de\/#organization"},"potentialAction":[{"@type":"SearchAction","target":{"@type":"EntryPoint","urlTemplate":"https:\/\/www.igieco.it\/de\/?s={search_term_string}"},"query-input":"required name=search_term_string"}],"inLanguage":"de"},{"@type":"Organization","@id":"https:\/\/www.igieco.it\/de\/#organization","name":"Igi&Co","url":"https:\/\/www.igieco.it\/de\/","logo":{"@type":"ImageObject","inLanguage":"de","@id":"https:\/\/www.igieco.it\/de\/#\/schema\/logo\/image\/","url":"https:\/\/www.igieco.it\/wp-content\/uploads\/2023\/11\/logo.jpg","contentUrl":"https:\/\/www.igieco.it\/wp-content\/uploads\/2023\/11\/logo.jpg","width":1080,"height":1080,"caption":"Igi&Co"},"image":{"@id":"https:\/\/www.igieco.it\/de\/#\/schema\/logo\/image\/"},"sameAs":["https:\/\/www.facebook.com\/IgiCo-Store-284085865540409\/","https:\/\/www.instagram.com\/igieco_official\/","https:\/\/www.youtube.com\/@igieco_official"]}]}},"wpml_current_locale":"de_DE","wpml_translations":{"it_IT":{"locale":"it_IT","id":1063,"slug":"guida-alle-taglie","post_title":"Guida alle taglie","href":"https:\/\/www.igieco.it\/guida-alle-taglie\/"},"en_US":{"locale":"en_US","id":15885,"slug":"size-conversion-guide","post_title":"Size conversion guide","href":"https:\/\/www.igieco.it\/en\/size-conversion-guide\/"},"fr_FR":{"locale":"fr_FR","id":15887,"slug":"guide-des-tailles","post_title":"Guide des tailles","href":"https:\/\/www.igieco.it\/fr\/guide-des-tailles\/"},"ru_RU":{"locale":"ru_RU","id":15891,"slug":"%d1%80%d0%b0%d0%b7%d0%bc%d0%b5%d1%80%d0%bd%d0%b0%d1%8f-%d1%81%d0%b5%d1%82%d0%ba%d0%b0","post_title":"\u0420\u0430\u0437\u043c\u0435\u0440\u043d\u0430\u044f \u0441\u0435\u0442\u043a\u0430","href":"https:\/\/www.igieco.it\/ru\/%D1%80%D0%B0%D0%B7%D0%BC%D0%B5%D1%80%D0%BD%D0%B0%D1%8F-%D1%81%D0%B5%D1%82%D0%BA%D0%B0\/"},"es_ES":{"locale":"es_ES","id":15893,"slug":"guia-de-tallas","post_title":"Gu\u00eda de tallas","href":"https:\/\/www.igieco.it\/es\/guia-de-tallas\/"}},"_links":{"self":[{"href":"https:\/\/www.igieco.it\/de\/wp-json\/wp\/v2\/pages\/15889","targetHints":{"allow":["GET"]}}],"collection":[{"href":"https:\/\/www.igieco.it\/de\/wp-json\/wp\/v2\/pages"}],"about":[{"href":"https:\/\/www.igieco.it\/de\/wp-json\/wp\/v2\/types\/page"}],"author":[{"embeddable":true,"href":"https:\/\/www.igieco.it\/de\/wp-json\/wp\/v2\/users\/4"}],"replies":[{"embeddable":true,"href":"https:\/\/www.igieco.it\/de\/wp-json\/wp\/v2\/comments?post=15889"}],"version-history":[{"count":1,"href":"https:\/\/www.igieco.it\/de\/wp-json\/wp\/v2\/pages\/15889\/revisions"}],"predecessor-version":[{"id":15890,"href":"https:\/\/www.igieco.it\/de\/wp-json\/wp\/v2\/pages\/15889\/revisions\/15890"}],"wp:attachment":[{"href":"https:\/\/www.igieco.it\/de\/wp-json\/wp\/v2\/media?parent=15889"}],"curies":[{"name":"wp","href":"https:\/\/api.w.org\/{rel}","templated":true}]}}