{"id":16081,"date":"2023-03-21T15:15:51","date_gmt":"2023-03-21T14:15:51","guid":{"rendered":"https:\/\/www.igieco.it\/metodos-de-pago\/"},"modified":"2023-11-14T15:43:37","modified_gmt":"2023-11-14T14:43:37","slug":"metodos-de-pago","status":"publish","type":"page","link":"https:\/\/www.igieco.it\/es\/metodos-de-pago\/","title":{"rendered":"M\u00e9todos de pago"},"content":{"rendered":"\t\t<div data-elementor-type=\"wp-page\" data-elementor-id=\"16081\" class=\"elementor elementor-16081 elementor-1270\" data-elementor-post-type=\"page\">\n\t\t\t\t\t\t<section class=\"elementor-section elementor-top-section elementor-element elementor-element-b7925ef elementor-section-boxed elementor-section-height-default elementor-section-height-default\" data-id=\"b7925ef\" data-element_type=\"section\">\n\t\t\t\t\t\t<div class=\"elementor-container elementor-column-gap-default\">\n\t\t\t\t\t<div class=\"elementor-column elementor-col-100 elementor-top-column elementor-element elementor-element-f54709c\" data-id=\"f54709c\" data-element_type=\"column\">\n\t\t\t<div class=\"elementor-widget-wrap elementor-element-populated\">\n\t\t\t\t\t\t<div class=\"elementor-element elementor-element-16add45 elementor-widget elementor-widget-spacer\" data-id=\"16add45\" data-element_type=\"widget\" data-widget_type=\"spacer.default\">\n\t\t\t\t<div class=\"elementor-widget-container\">\n\t\t\t\t\t\t\t<div class=\"elementor-spacer\">\n\t\t\t<div class=\"elementor-spacer-inner\"><\/div>\n\t\t<\/div>\n\t\t\t\t\t\t<\/div>\n\t\t\t\t<\/div>\n\t\t\t\t\t<\/div>\n\t\t<\/div>\n\t\t\t\t\t<\/div>\n\t\t<\/section>\n\t\t\t\t<section class=\"elementor-section elementor-top-section elementor-element elementor-element-63f906f elementor-section-boxed elementor-section-height-default elementor-section-height-default\" data-id=\"63f906f\" data-element_type=\"section\">\n\t\t\t\t\t\t<div class=\"elementor-container elementor-column-gap-default\">\n\t\t\t\t\t<div class=\"elementor-column elementor-col-100 elementor-top-column elementor-element elementor-element-e3277d9\" data-id=\"e3277d9\" data-element_type=\"column\">\n\t\t\t<div class=\"elementor-widget-wrap elementor-element-populated\">\n\t\t\t\t\t\t<div class=\"elementor-element elementor-element-ac703e7 elementor-widget elementor-widget-text-editor\" data-id=\"ac703e7\" data-element_type=\"widget\" data-widget_type=\"text-editor.default\">\n\t\t\t\t<div class=\"elementor-widget-container\">\n\t\t\t\t\t\t\t\t\t<p>El pago de los productos puede realizarse mediante:<\/p>\n<ul class=\"ml-6 my-2\">\n<li>a) Tarjeta de cr\u00e9dito Visa, Mastercard;<\/li>\n<li>b) PayPal (esta forma de pago autom\u00e1ticamente direcciona a la p\u00e1gina de pago PayPal).<\/li>\n<\/ul>\n<p>Tras recibir su pedido, realizaremos una autorizaci\u00f3n previa en su tarjeta de cr\u00e9dito para comprobar que disponga de los fondos necesarios para la realizaci\u00f3n de la transferencia. El adeudo en su tarjeta se realiza s\u00f3lo a la hora de la preparaci\u00f3n del pedido para el env\u00edo. En caso en que, para cualquier motivo, no se finalice el adeudo del importe debido por la compra, el proceso de venta se anular\u00e1 autom\u00e1ticamente y la venta ser\u00e1 autom\u00e1ticamente cancelada.<\/p>\n\t\t\t\t\t\t\t\t<\/div>\n\t\t\t\t<\/div>\n\t\t\t\t\t<\/div>\n\t\t<\/div>\n\t\t\t\t\t<\/div>\n\t\t<\/section>\n\t\t\t\t<\/div>\n\t\t","protected":false},"excerpt":{"rendered":"<p>El pago de los productos puede realizarse mediante: a) Tarjeta de cr\u00e9dito Visa, Mastercard; b) PayPal (esta forma de pago autom\u00e1ticamente direcciona a la p\u00e1gina de pago PayPal). Tras recibir su pedido, realizaremos una autorizaci\u00f3n previa en su tarjeta de cr\u00e9dito para comprobar que disponga de los fondos necesarios para la realizaci\u00f3n de la transferencia. &hellip;<\/p>\n<p class=\"read-more\"> <a class=\"\" href=\"https:\/\/www.igieco.it\/es\/metodos-de-pago\/\"> <span class=\"screen-reader-text\">M\u00e9todos de pago<\/span> Read More \u00bb<\/a><\/p>\n","protected":false},"author":4,"featured_media":0,"parent":0,"menu_order":0,"comment_status":"closed","ping_status":"closed","template":"","meta":{"_acf_changed":false,"site-sidebar-layout":"no-sidebar","site-content-layout":"page-builder","ast-site-content-layout":"","site-content-style":"default","site-sidebar-style":"default","ast-global-header-display":"","ast-banner-title-visibility":"","ast-main-header-display":"","ast-hfb-above-header-display":"","ast-hfb-below-header-display":"","ast-hfb-mobile-header-display":"","site-post-title":"disabled","ast-breadcrumbs-content":"","ast-featured-img":"disabled","footer-sml-layout":"","theme-transparent-header-meta":"","adv-header-id-meta":"","stick-header-meta":"","header-above-stick-meta":"","header-main-stick-meta":"","header-below-stick-meta":"","astra-migrate-meta-layouts":"","ast-page-background-enabled":"default","ast-page-background-meta":{"desktop":{"background-color":"var(--ast-global-color-4)","background-image":"","background-repeat":"repeat","background-position":"center center","background-size":"auto","background-attachment":"scroll","background-type":"","background-media":"","overlay-type":"","overlay-color":"","overlay-gradient":""},"tablet":{"background-color":"","background-image":"","background-repeat":"repeat","background-position":"center center","background-size":"auto","background-attachment":"scroll","background-type":"","background-media":"","overlay-type":"","overlay-color":"","overlay-gradient":""},"mobile":{"background-color":"","background-image":"","background-repeat":"repeat","background-position":"center center","background-size":"auto","background-attachment":"scroll","background-type":"","background-media":"","overlay-type":"","overlay-color":"","overlay-gradient":""}},"ast-content-background-meta":{"desktop":{"background-color":"var(--ast-global-color-5)","background-image":"","background-repeat":"repeat","background-position":"center center","background-size":"auto","background-attachment":"scroll","background-type":"","background-media":"","overlay-type":"","overlay-color":"","overlay-gradient":""},"tablet":{"background-color":"var(--ast-global-color-5)","background-image":"","background-repeat":"repeat","background-position":"center center","background-size":"auto","background-attachment":"scroll","background-type":"","background-media":"","overlay-type":"","overlay-color":"","overlay-gradient":""},"mobile":{"background-color":"var(--ast-global-color-5)","background-image":"","background-repeat":"repeat","background-position":"center center","background-size":"auto","background-attachment":"scroll","background-type":"","background-media":"","overlay-type":"","overlay-color":"","overlay-gradient":""}},"footnotes":""},"class_list":["post-16081","page","type-page","status-publish","hentry"],"acf":[],"yoast_head":"<!-- This site is optimized with the Yoast SEO plugin v21.7 - https:\/\/yoast.com\/wordpress\/plugins\/seo\/ -->\n<title>M\u00e9todos de pago | Igi&amp;Co<\/title>\n<meta name=\"description\" content=\"Consulta los m\u00e9todos de pago disponibles para la compra de tus nuevos IGI&amp;CO.\" \/>\n<meta name=\"robots\" content=\"index, follow, max-snippet:-1, max-image-preview:large, max-video-preview:-1\" \/>\n<link rel=\"canonical\" href=\"https:\/\/www.igieco.it\/es\/metodos-de-pago\/\" \/>\n<meta property=\"og:locale\" content=\"es_ES\" \/>\n<meta property=\"og:type\" content=\"article\" \/>\n<meta property=\"og:title\" content=\"M\u00e9todos de pago | Igi&amp;Co\" \/>\n<meta property=\"og:description\" content=\"Consulta los m\u00e9todos de pago disponibles para la compra de tus nuevos IGI&amp;CO.\" \/>\n<meta property=\"og:url\" content=\"https:\/\/www.igieco.it\/es\/metodos-de-pago\/\" \/>\n<meta property=\"og:site_name\" content=\"Igi&amp;Co\" \/>\n<meta property=\"article:publisher\" content=\"https:\/\/www.facebook.com\/IgiCo-Store-284085865540409\/\" \/>\n<meta property=\"article:modified_time\" content=\"2023-11-14T14:43:37+00:00\" \/>\n<meta name=\"twitter:card\" content=\"summary_large_image\" \/>\n<meta name=\"twitter:label1\" content=\"Tiempo de lectura\" \/>\n\t<meta name=\"twitter:data1\" content=\"1 minuto\" \/>\n<script type=\"application\/ld+json\" class=\"yoast-schema-graph\">{\"@context\":\"https:\/\/schema.org\",\"@graph\":[{\"@type\":\"WebPage\",\"@id\":\"https:\/\/www.igieco.it\/es\/metodos-de-pago\/\",\"url\":\"https:\/\/www.igieco.it\/es\/metodos-de-pago\/\",\"name\":\"M\u00e9todos de pago | Igi&amp;Co\",\"isPartOf\":{\"@id\":\"https:\/\/www.igieco.it\/es\/#website\"},\"datePublished\":\"2023-03-21T14:15:51+00:00\",\"dateModified\":\"2023-11-14T14:43:37+00:00\",\"description\":\"Consulta los m\u00e9todos de pago disponibles para la compra de tus nuevos IGI&CO.\",\"inLanguage\":\"es\",\"potentialAction\":[{\"@type\":\"ReadAction\",\"target\":[\"https:\/\/www.igieco.it\/es\/metodos-de-pago\/\"]}]},{\"@type\":\"WebSite\",\"@id\":\"https:\/\/www.igieco.it\/es\/#website\",\"url\":\"https:\/\/www.igieco.it\/es\/\",\"name\":\"Igi&Co\",\"description\":\"\",\"publisher\":{\"@id\":\"https:\/\/www.igieco.it\/es\/#organization\"},\"potentialAction\":[{\"@type\":\"SearchAction\",\"target\":{\"@type\":\"EntryPoint\",\"urlTemplate\":\"https:\/\/www.igieco.it\/es\/?s={search_term_string}\"},\"query-input\":\"required name=search_term_string\"}],\"inLanguage\":\"es\"},{\"@type\":\"Organization\",\"@id\":\"https:\/\/www.igieco.it\/es\/#organization\",\"name\":\"Igi&Co\",\"url\":\"https:\/\/www.igieco.it\/es\/\",\"logo\":{\"@type\":\"ImageObject\",\"inLanguage\":\"es\",\"@id\":\"https:\/\/www.igieco.it\/es\/#\/schema\/logo\/image\/\",\"url\":\"https:\/\/www.igieco.it\/wp-content\/uploads\/2023\/11\/logo.jpg\",\"contentUrl\":\"https:\/\/www.igieco.it\/wp-content\/uploads\/2023\/11\/logo.jpg\",\"width\":1080,\"height\":1080,\"caption\":\"Igi&Co\"},\"image\":{\"@id\":\"https:\/\/www.igieco.it\/es\/#\/schema\/logo\/image\/\"},\"sameAs\":[\"https:\/\/www.facebook.com\/IgiCo-Store-284085865540409\/\",\"https:\/\/www.instagram.com\/igieco_official\/\",\"https:\/\/www.youtube.com\/@igieco_official\"]}]}<\/script>\n<!-- \/ Yoast SEO plugin. -->","yoast_head_json":{"title":"M\u00e9todos de pago | Igi&amp;Co","description":"Consulta los m\u00e9todos de pago disponibles para la compra de tus nuevos IGI&CO.","robots":{"index":"index","follow":"follow","max-snippet":"max-snippet:-1","max-image-preview":"max-image-preview:large","max-video-preview":"max-video-preview:-1"},"canonical":"https:\/\/www.igieco.it\/es\/metodos-de-pago\/","og_locale":"es_ES","og_type":"article","og_title":"M\u00e9todos de pago | Igi&amp;Co","og_description":"Consulta los m\u00e9todos de pago disponibles para la compra de tus nuevos IGI&CO.","og_url":"https:\/\/www.igieco.it\/es\/metodos-de-pago\/","og_site_name":"Igi&amp;Co","article_publisher":"https:\/\/www.facebook.com\/IgiCo-Store-284085865540409\/","article_modified_time":"2023-11-14T14:43:37+00:00","twitter_card":"summary_large_image","twitter_misc":{"Tiempo de lectura":"1 minuto"},"schema":{"@context":"https:\/\/schema.org","@graph":[{"@type":"WebPage","@id":"https:\/\/www.igieco.it\/es\/metodos-de-pago\/","url":"https:\/\/www.igieco.it\/es\/metodos-de-pago\/","name":"M\u00e9todos de pago | Igi&amp;Co","isPartOf":{"@id":"https:\/\/www.igieco.it\/es\/#website"},"datePublished":"2023-03-21T14:15:51+00:00","dateModified":"2023-11-14T14:43:37+00:00","description":"Consulta los m\u00e9todos de pago disponibles para la compra de tus nuevos IGI&CO.","inLanguage":"es","potentialAction":[{"@type":"ReadAction","target":["https:\/\/www.igieco.it\/es\/metodos-de-pago\/"]}]},{"@type":"WebSite","@id":"https:\/\/www.igieco.it\/es\/#website","url":"https:\/\/www.igieco.it\/es\/","name":"Igi&Co","description":"","publisher":{"@id":"https:\/\/www.igieco.it\/es\/#organization"},"potentialAction":[{"@type":"SearchAction","target":{"@type":"EntryPoint","urlTemplate":"https:\/\/www.igieco.it\/es\/?s={search_term_string}"},"query-input":"required name=search_term_string"}],"inLanguage":"es"},{"@type":"Organization","@id":"https:\/\/www.igieco.it\/es\/#organization","name":"Igi&Co","url":"https:\/\/www.igieco.it\/es\/","logo":{"@type":"ImageObject","inLanguage":"es","@id":"https:\/\/www.igieco.it\/es\/#\/schema\/logo\/image\/","url":"https:\/\/www.igieco.it\/wp-content\/uploads\/2023\/11\/logo.jpg","contentUrl":"https:\/\/www.igieco.it\/wp-content\/uploads\/2023\/11\/logo.jpg","width":1080,"height":1080,"caption":"Igi&Co"},"image":{"@id":"https:\/\/www.igieco.it\/es\/#\/schema\/logo\/image\/"},"sameAs":["https:\/\/www.facebook.com\/IgiCo-Store-284085865540409\/","https:\/\/www.instagram.com\/igieco_official\/","https:\/\/www.youtube.com\/@igieco_official"]}]}},"wpml_current_locale":"es_ES","wpml_translations":{"it_IT":{"locale":"it_IT","id":1270,"slug":"metodi-di-pagamento","post_title":"Metodi di pagamento","href":"https:\/\/www.igieco.it\/metodi-di-pagamento\/"}},"_links":{"self":[{"href":"https:\/\/www.igieco.it\/es\/wp-json\/wp\/v2\/pages\/16081","targetHints":{"allow":["GET"]}}],"collection":[{"href":"https:\/\/www.igieco.it\/es\/wp-json\/wp\/v2\/pages"}],"about":[{"href":"https:\/\/www.igieco.it\/es\/wp-json\/wp\/v2\/types\/page"}],"author":[{"embeddable":true,"href":"https:\/\/www.igieco.it\/es\/wp-json\/wp\/v2\/users\/4"}],"replies":[{"embeddable":true,"href":"https:\/\/www.igieco.it\/es\/wp-json\/wp\/v2\/comments?post=16081"}],"version-history":[{"count":1,"href":"https:\/\/www.igieco.it\/es\/wp-json\/wp\/v2\/pages\/16081\/revisions"}],"predecessor-version":[{"id":16082,"href":"https:\/\/www.igieco.it\/es\/wp-json\/wp\/v2\/pages\/16081\/revisions\/16082"}],"wp:attachment":[{"href":"https:\/\/www.igieco.it\/es\/wp-json\/wp\/v2\/media?parent=16081"}],"curies":[{"name":"wp","href":"https:\/\/api.w.org\/{rel}","templated":true}]}}