{"id":16109,"date":"2023-03-21T15:13:54","date_gmt":"2023-03-21T14:13:54","guid":{"rendered":"https:\/\/www.igieco.it\/envios-y-devoluciones\/"},"modified":"2023-11-15T11:23:19","modified_gmt":"2023-11-15T10:23:19","slug":"envios-y-devoluciones","status":"publish","type":"page","link":"https:\/\/www.igieco.it\/es\/envios-y-devoluciones\/","title":{"rendered":"Env\u00edos y devoluciones"},"content":{"rendered":"\t\t<div data-elementor-type=\"wp-page\" data-elementor-id=\"16109\" class=\"elementor elementor-16109 elementor-1267\" data-elementor-post-type=\"page\">\n\t\t\t\t\t\t<section class=\"elementor-section elementor-top-section elementor-element elementor-element-2604862 elementor-section-boxed elementor-section-height-default elementor-section-height-default\" data-id=\"2604862\" data-element_type=\"section\">\n\t\t\t\t\t\t<div class=\"elementor-container elementor-column-gap-default\">\n\t\t\t\t\t<div class=\"elementor-column elementor-col-100 elementor-top-column elementor-element elementor-element-d333ee3\" data-id=\"d333ee3\" data-element_type=\"column\">\n\t\t\t<div class=\"elementor-widget-wrap elementor-element-populated\">\n\t\t\t\t\t\t<div class=\"elementor-element elementor-element-27ad7e3 elementor-widget elementor-widget-titolo-e-testo\" data-id=\"27ad7e3\" data-element_type=\"widget\" data-widget_type=\"titolo-e-testo.default\">\n\t\t\t\t<div class=\"elementor-widget-container\">\n\t\t\t\t\t<div class=\"titolo-e-testo\"><div class=\"text__container\"><div class=\"text\" style=\"\"><p>Los art\u00edculos pedidos por medio de la web <strong>Igi&amp;Co<\/strong> est\u00e1n empaquetados con cuidado, en envases apropriados y su env\u00edo se efect\u00faa por agencias especializadas en el transporte de mercanc\u00edas; Igi&amp;Co utiliza principalmente la sociedad de transporte SEUR del grupo BRT S.p.A.<\/p><p>A la hora del envio, le avisaremos enviando un mail comunicando los datos del env\u00edo, que le permitir\u00e1 hacer seguimiento del env\u00edo mismo en la web de la agencia de transporte. \u00a0<\/p><p><br \/>La agencia de transporte entrega la mercanc\u00eda generalmente entre 2 y 5 d\u00edas laborales desde finalizar el proceso de compra online.<\/p><p><br \/>El env\u00edo de pedidos de importe superior a \u20ac 69,00 es gratuito.<br \/>Se cargar\u00e1 un importe de \u00a06,95 \u20ac al env\u00edo de pedidos de importe inferiores. Los gastos de env\u00edo se refieren a env\u00edos estandar.<br \/>Los gastos de env\u00edo de art\u00edculos para devolver, son de 6,95 \u20ac.<br \/>La devoluci\u00f3n en cambio ser\u00e1 gratuita en caso de cambio de talla.<\/p><p>Quedan excluidas las entregas en: Ceuta, Melilla, Andorra y Canarias<\/p><\/div><\/div><\/div>\t\t\t\t<\/div>\n\t\t\t\t<\/div>\n\t\t\t\t\t<\/div>\n\t\t<\/div>\n\t\t\t\t\t<\/div>\n\t\t<\/section>\n\t\t\t\t<section class=\"elementor-section elementor-top-section elementor-element elementor-element-0ff0b04 elementor-section-boxed elementor-section-height-default elementor-section-height-default\" data-id=\"0ff0b04\" data-element_type=\"section\">\n\t\t\t\t\t\t<div class=\"elementor-container elementor-column-gap-default\">\n\t\t\t\t\t<div class=\"elementor-column elementor-col-100 elementor-top-column elementor-element elementor-element-730a85d\" data-id=\"730a85d\" data-element_type=\"column\">\n\t\t\t<div class=\"elementor-widget-wrap elementor-element-populated\">\n\t\t\t\t\t\t<div class=\"elementor-element elementor-element-077985e elementor-widget elementor-widget-documenti-link\" data-id=\"077985e\" data-element_type=\"widget\" data-widget_type=\"documenti-link.default\">\n\t\t\t\t<div class=\"elementor-widget-container\">\n\t\t\t\t\t<div class=\"documenti-link-container\"><ul class=\"wrapper-documenti-link-item\"><li class=\"documenti-link-item\"><div class=\"documenti-link-item-title\">Instrucciones de devoluci\u00f3n o cambio de talla<\/div><div class=\"icon_container\"><span><strong>pdf<\/strong> (1.97 Mb)<\/span><a class=\"documenti-link-icon\" href=\"https:\/\/www.igieco.it\/wp-content\/uploads\/2023\/09\/istruzioni_reso_cambio_taglia_igi_it.pdf\" target=\"_blank\" rel=\"nofollow\">\n\t\t\t\t\t\t\t<svg xmlns=\"http:\/\/www.w3.org\/2000\/svg\" width=\"15.982\" height=\"15.982\" viewBox=\"0 0 15.982 15.982\">\n\t\t\t\t\t\t\t  <g id=\"Icon_feather-download\" data-name=\"Icon feather-download\" transform=\"translate(1 1)\">\n\t\t\t\t\t\t\t\t<path id=\"Tracciato_5348\" data-name=\"Tracciato 5348\" d=\"M18.482,22.5v3.107a1.554,1.554,0,0,1-1.554,1.554H6.054A1.554,1.554,0,0,1,4.5,25.607V22.5\" transform=\"translate(-4.5 -13.178)\" fill=\"none\" stroke=\"#fff\" stroke-linecap=\"round\" stroke-linejoin=\"round\" stroke-width=\"2\"\/>\n\t\t\t\t\t\t\t\t<path id=\"Tracciato_5349\" data-name=\"Tracciato 5349\" d=\"M10.5,15l3.884,3.884L18.268,15\" transform=\"translate(-7.393 -9.562)\" fill=\"none\" stroke=\"#fff\" stroke-linecap=\"round\" stroke-linejoin=\"round\" stroke-width=\"2\"\/>\n\t\t\t\t\t\t\t\t<path id=\"Tracciato_5350\" data-name=\"Tracciato 5350\" d=\"M18,13.822V4.5\" transform=\"translate(-11.009 -4.5)\" fill=\"none\" stroke=\"#fff\" stroke-linecap=\"round\" stroke-linejoin=\"round\" stroke-width=\"2\"\/>\n\t\t\t\t\t\t\t  <\/g>\n\t\t\t\t\t\t\t<\/svg>\n\t\t\t\t\t<\/a><\/div><\/li><\/ul><\/div>\t\t\t\t<\/div>\n\t\t\t\t<\/div>\n\t\t\t\t\t<\/div>\n\t\t<\/div>\n\t\t\t\t\t<\/div>\n\t\t<\/section>\n\t\t\t\t<\/div>\n\t\t","protected":false},"excerpt":{"rendered":"<p>Los art\u00edculos pedidos por medio de la web Igi&amp;Co est\u00e1n empaquetados con cuidado, en envases apropriados y su env\u00edo se efect\u00faa por agencias especializadas en el transporte de mercanc\u00edas; Igi&amp;Co utiliza principalmente la sociedad de transporte SEUR del grupo BRT S.p.A. A la hora del envio, le avisaremos enviando un mail comunicando los datos del &hellip;<\/p>\n<p class=\"read-more\"> <a class=\"\" href=\"https:\/\/www.igieco.it\/es\/envios-y-devoluciones\/\"> <span class=\"screen-reader-text\">Env\u00edos y devoluciones<\/span> Read More \u00bb<\/a><\/p>\n","protected":false},"author":4,"featured_media":0,"parent":0,"menu_order":0,"comment_status":"closed","ping_status":"closed","template":"","meta":{"_acf_changed":false,"site-sidebar-layout":"no-sidebar","site-content-layout":"page-builder","ast-site-content-layout":"","site-content-style":"default","site-sidebar-style":"default","ast-global-header-display":"","ast-banner-title-visibility":"","ast-main-header-display":"","ast-hfb-above-header-display":"","ast-hfb-below-header-display":"","ast-hfb-mobile-header-display":"","site-post-title":"disabled","ast-breadcrumbs-content":"","ast-featured-img":"disabled","footer-sml-layout":"","theme-transparent-header-meta":"","adv-header-id-meta":"","stick-header-meta":"","header-above-stick-meta":"","header-main-stick-meta":"","header-below-stick-meta":"","astra-migrate-meta-layouts":"","ast-page-background-enabled":"default","ast-page-background-meta":{"desktop":{"background-color":"var(--ast-global-color-4)","background-image":"","background-repeat":"repeat","background-position":"center center","background-size":"auto","background-attachment":"scroll","background-type":"","background-media":"","overlay-type":"","overlay-color":"","overlay-gradient":""},"tablet":{"background-color":"","background-image":"","background-repeat":"repeat","background-position":"center center","background-size":"auto","background-attachment":"scroll","background-type":"","background-media":"","overlay-type":"","overlay-color":"","overlay-gradient":""},"mobile":{"background-color":"","background-image":"","background-repeat":"repeat","background-position":"center center","background-size":"auto","background-attachment":"scroll","background-type":"","background-media":"","overlay-type":"","overlay-color":"","overlay-gradient":""}},"ast-content-background-meta":{"desktop":{"background-color":"var(--ast-global-color-5)","background-image":"","background-repeat":"repeat","background-position":"center center","background-size":"auto","background-attachment":"scroll","background-type":"","background-media":"","overlay-type":"","overlay-color":"","overlay-gradient":""},"tablet":{"background-color":"var(--ast-global-color-5)","background-image":"","background-repeat":"repeat","background-position":"center center","background-size":"auto","background-attachment":"scroll","background-type":"","background-media":"","overlay-type":"","overlay-color":"","overlay-gradient":""},"mobile":{"background-color":"var(--ast-global-color-5)","background-image":"","background-repeat":"repeat","background-position":"center center","background-size":"auto","background-attachment":"scroll","background-type":"","background-media":"","overlay-type":"","overlay-color":"","overlay-gradient":""}},"footnotes":""},"class_list":["post-16109","page","type-page","status-publish","hentry"],"acf":[],"yoast_head":"<!-- This site is optimized with the Yoast SEO plugin v21.7 - https:\/\/yoast.com\/wordpress\/plugins\/seo\/ -->\n<title>Env\u00edos y devoluciones | Igi&amp;Co<\/title>\n<meta name=\"description\" content=\"Igi&amp;Co | Env\u00edos y devoluciones | El env\u00edo de pedidos de importe superior a \u20ac 69,00 es gratuito. La devoluci\u00f3n en cambio ser\u00e1 gratuita en caso de cambio de talla.\" \/>\n<meta name=\"robots\" content=\"index, follow, max-snippet:-1, max-image-preview:large, max-video-preview:-1\" \/>\n<link rel=\"canonical\" href=\"https:\/\/www.igieco.it\/es\/envios-y-devoluciones\/\" \/>\n<meta property=\"og:locale\" content=\"es_ES\" \/>\n<meta property=\"og:type\" content=\"article\" \/>\n<meta property=\"og:title\" content=\"Env\u00edos y devoluciones | Igi&amp;Co\" \/>\n<meta property=\"og:description\" content=\"Igi&amp;Co | Env\u00edos y devoluciones | El env\u00edo de pedidos de importe superior a \u20ac 69,00 es gratuito. La devoluci\u00f3n en cambio ser\u00e1 gratuita en caso de cambio de talla.\" \/>\n<meta property=\"og:url\" content=\"https:\/\/www.igieco.it\/es\/envios-y-devoluciones\/\" \/>\n<meta property=\"og:site_name\" content=\"Igi&amp;Co\" \/>\n<meta property=\"article:publisher\" content=\"https:\/\/www.facebook.com\/IgiCo-Store-284085865540409\/\" \/>\n<meta property=\"article:modified_time\" content=\"2023-11-15T10:23:19+00:00\" \/>\n<meta name=\"twitter:card\" content=\"summary_large_image\" \/>\n<meta name=\"twitter:label1\" content=\"Tiempo de lectura\" \/>\n\t<meta name=\"twitter:data1\" content=\"1 minuto\" \/>\n<script type=\"application\/ld+json\" class=\"yoast-schema-graph\">{\"@context\":\"https:\/\/schema.org\",\"@graph\":[{\"@type\":\"WebPage\",\"@id\":\"https:\/\/www.igieco.it\/es\/envios-y-devoluciones\/\",\"url\":\"https:\/\/www.igieco.it\/es\/envios-y-devoluciones\/\",\"name\":\"Env\u00edos y devoluciones | Igi&amp;Co\",\"isPartOf\":{\"@id\":\"https:\/\/www.igieco.it\/es\/#website\"},\"datePublished\":\"2023-03-21T14:13:54+00:00\",\"dateModified\":\"2023-11-15T10:23:19+00:00\",\"description\":\"Igi&amp;Co | Env\u00edos y devoluciones | El env\u00edo de pedidos de importe superior a \u20ac 69,00 es gratuito. La devoluci\u00f3n en cambio ser\u00e1 gratuita en caso de cambio de talla.\",\"inLanguage\":\"es\",\"potentialAction\":[{\"@type\":\"ReadAction\",\"target\":[\"https:\/\/www.igieco.it\/es\/envios-y-devoluciones\/\"]}]},{\"@type\":\"WebSite\",\"@id\":\"https:\/\/www.igieco.it\/es\/#website\",\"url\":\"https:\/\/www.igieco.it\/es\/\",\"name\":\"Igi&Co\",\"description\":\"\",\"publisher\":{\"@id\":\"https:\/\/www.igieco.it\/es\/#organization\"},\"potentialAction\":[{\"@type\":\"SearchAction\",\"target\":{\"@type\":\"EntryPoint\",\"urlTemplate\":\"https:\/\/www.igieco.it\/es\/?s={search_term_string}\"},\"query-input\":\"required name=search_term_string\"}],\"inLanguage\":\"es\"},{\"@type\":\"Organization\",\"@id\":\"https:\/\/www.igieco.it\/es\/#organization\",\"name\":\"Igi&Co\",\"url\":\"https:\/\/www.igieco.it\/es\/\",\"logo\":{\"@type\":\"ImageObject\",\"inLanguage\":\"es\",\"@id\":\"https:\/\/www.igieco.it\/es\/#\/schema\/logo\/image\/\",\"url\":\"https:\/\/www.igieco.it\/wp-content\/uploads\/2023\/11\/logo.jpg\",\"contentUrl\":\"https:\/\/www.igieco.it\/wp-content\/uploads\/2023\/11\/logo.jpg\",\"width\":1080,\"height\":1080,\"caption\":\"Igi&Co\"},\"image\":{\"@id\":\"https:\/\/www.igieco.it\/es\/#\/schema\/logo\/image\/\"},\"sameAs\":[\"https:\/\/www.facebook.com\/IgiCo-Store-284085865540409\/\",\"https:\/\/www.instagram.com\/igieco_official\/\",\"https:\/\/www.youtube.com\/@igieco_official\"]}]}<\/script>\n<!-- \/ Yoast SEO plugin. -->","yoast_head_json":{"title":"Env\u00edos y devoluciones | Igi&amp;Co","description":"Igi&amp;Co | Env\u00edos y devoluciones | El env\u00edo de pedidos de importe superior a \u20ac 69,00 es gratuito. La devoluci\u00f3n en cambio ser\u00e1 gratuita en caso de cambio de talla.","robots":{"index":"index","follow":"follow","max-snippet":"max-snippet:-1","max-image-preview":"max-image-preview:large","max-video-preview":"max-video-preview:-1"},"canonical":"https:\/\/www.igieco.it\/es\/envios-y-devoluciones\/","og_locale":"es_ES","og_type":"article","og_title":"Env\u00edos y devoluciones | Igi&amp;Co","og_description":"Igi&amp;Co | Env\u00edos y devoluciones | El env\u00edo de pedidos de importe superior a \u20ac 69,00 es gratuito. La devoluci\u00f3n en cambio ser\u00e1 gratuita en caso de cambio de talla.","og_url":"https:\/\/www.igieco.it\/es\/envios-y-devoluciones\/","og_site_name":"Igi&amp;Co","article_publisher":"https:\/\/www.facebook.com\/IgiCo-Store-284085865540409\/","article_modified_time":"2023-11-15T10:23:19+00:00","twitter_card":"summary_large_image","twitter_misc":{"Tiempo de lectura":"1 minuto"},"schema":{"@context":"https:\/\/schema.org","@graph":[{"@type":"WebPage","@id":"https:\/\/www.igieco.it\/es\/envios-y-devoluciones\/","url":"https:\/\/www.igieco.it\/es\/envios-y-devoluciones\/","name":"Env\u00edos y devoluciones | Igi&amp;Co","isPartOf":{"@id":"https:\/\/www.igieco.it\/es\/#website"},"datePublished":"2023-03-21T14:13:54+00:00","dateModified":"2023-11-15T10:23:19+00:00","description":"Igi&amp;Co | Env\u00edos y devoluciones | El env\u00edo de pedidos de importe superior a \u20ac 69,00 es gratuito. La devoluci\u00f3n en cambio ser\u00e1 gratuita en caso de cambio de talla.","inLanguage":"es","potentialAction":[{"@type":"ReadAction","target":["https:\/\/www.igieco.it\/es\/envios-y-devoluciones\/"]}]},{"@type":"WebSite","@id":"https:\/\/www.igieco.it\/es\/#website","url":"https:\/\/www.igieco.it\/es\/","name":"Igi&Co","description":"","publisher":{"@id":"https:\/\/www.igieco.it\/es\/#organization"},"potentialAction":[{"@type":"SearchAction","target":{"@type":"EntryPoint","urlTemplate":"https:\/\/www.igieco.it\/es\/?s={search_term_string}"},"query-input":"required name=search_term_string"}],"inLanguage":"es"},{"@type":"Organization","@id":"https:\/\/www.igieco.it\/es\/#organization","name":"Igi&Co","url":"https:\/\/www.igieco.it\/es\/","logo":{"@type":"ImageObject","inLanguage":"es","@id":"https:\/\/www.igieco.it\/es\/#\/schema\/logo\/image\/","url":"https:\/\/www.igieco.it\/wp-content\/uploads\/2023\/11\/logo.jpg","contentUrl":"https:\/\/www.igieco.it\/wp-content\/uploads\/2023\/11\/logo.jpg","width":1080,"height":1080,"caption":"Igi&Co"},"image":{"@id":"https:\/\/www.igieco.it\/es\/#\/schema\/logo\/image\/"},"sameAs":["https:\/\/www.facebook.com\/IgiCo-Store-284085865540409\/","https:\/\/www.instagram.com\/igieco_official\/","https:\/\/www.youtube.com\/@igieco_official"]}]}},"wpml_current_locale":"es_ES","wpml_translations":{"it_IT":{"locale":"it_IT","id":1267,"slug":"spedizioni-e-resi","post_title":"Spedizioni e resi","href":"https:\/\/www.igieco.it\/spedizioni-e-resi\/"}},"_links":{"self":[{"href":"https:\/\/www.igieco.it\/es\/wp-json\/wp\/v2\/pages\/16109","targetHints":{"allow":["GET"]}}],"collection":[{"href":"https:\/\/www.igieco.it\/es\/wp-json\/wp\/v2\/pages"}],"about":[{"href":"https:\/\/www.igieco.it\/es\/wp-json\/wp\/v2\/types\/page"}],"author":[{"embeddable":true,"href":"https:\/\/www.igieco.it\/es\/wp-json\/wp\/v2\/users\/4"}],"replies":[{"embeddable":true,"href":"https:\/\/www.igieco.it\/es\/wp-json\/wp\/v2\/comments?post=16109"}],"version-history":[{"count":4,"href":"https:\/\/www.igieco.it\/es\/wp-json\/wp\/v2\/pages\/16109\/revisions"}],"predecessor-version":[{"id":16114,"href":"https:\/\/www.igieco.it\/es\/wp-json\/wp\/v2\/pages\/16109\/revisions\/16114"}],"wp:attachment":[{"href":"https:\/\/www.igieco.it\/es\/wp-json\/wp\/v2\/media?parent=16109"}],"curies":[{"name":"wp","href":"https:\/\/api.w.org\/{rel}","templated":true}]}}