{"id":17563,"date":"2023-04-04T18:54:38","date_gmt":"2023-04-04T16:54:38","guid":{"rendered":"https:\/\/www.igieco.it\/la-marca\/tecnologias\/"},"modified":"2023-11-27T17:33:54","modified_gmt":"2023-11-27T16:33:54","slug":"tecnologias","status":"publish","type":"page","link":"https:\/\/www.igieco.it\/es\/tecnologias\/","title":{"rendered":"Tecnolog\u00edas"},"content":{"rendered":"","protected":false},"excerpt":{"rendered":"","protected":false},"author":4,"featured_media":0,"parent":15898,"menu_order":0,"comment_status":"closed","ping_status":"closed","template":"","meta":{"_acf_changed":false,"site-sidebar-layout":"no-sidebar","site-content-layout":"page-builder","ast-site-content-layout":"","site-content-style":"default","site-sidebar-style":"default","ast-global-header-display":"","ast-banner-title-visibility":"","ast-main-header-display":"","ast-hfb-above-header-display":"","ast-hfb-below-header-display":"","ast-hfb-mobile-header-display":"","site-post-title":"disabled","ast-breadcrumbs-content":"","ast-featured-img":"disabled","footer-sml-layout":"","theme-transparent-header-meta":"","adv-header-id-meta":"","stick-header-meta":"","header-above-stick-meta":"","header-main-stick-meta":"","header-below-stick-meta":"","astra-migrate-meta-layouts":"","ast-page-background-enabled":"default","ast-page-background-meta":{"desktop":{"background-color":"var(--ast-global-color-4)","background-image":"","background-repeat":"repeat","background-position":"center center","background-size":"auto","background-attachment":"scroll","background-type":"","background-media":"","overlay-type":"","overlay-color":"","overlay-gradient":""},"tablet":{"background-color":"","background-image":"","background-repeat":"repeat","background-position":"center center","background-size":"auto","background-attachment":"scroll","background-type":"","background-media":"","overlay-type":"","overlay-color":"","overlay-gradient":""},"mobile":{"background-color":"","background-image":"","background-repeat":"repeat","background-position":"center center","background-size":"auto","background-attachment":"scroll","background-type":"","background-media":"","overlay-type":"","overlay-color":"","overlay-gradient":""}},"ast-content-background-meta":{"desktop":{"background-color":"var(--ast-global-color-5)","background-image":"","background-repeat":"repeat","background-position":"center center","background-size":"auto","background-attachment":"scroll","background-type":"","background-media":"","overlay-type":"","overlay-color":"","overlay-gradient":""},"tablet":{"background-color":"var(--ast-global-color-5)","background-image":"","background-repeat":"repeat","background-position":"center center","background-size":"auto","background-attachment":"scroll","background-type":"","background-media":"","overlay-type":"","overlay-color":"","overlay-gradient":""},"mobile":{"background-color":"var(--ast-global-color-5)","background-image":"","background-repeat":"repeat","background-position":"center center","background-size":"auto","background-attachment":"scroll","background-type":"","background-media":"","overlay-type":"","overlay-color":"","overlay-gradient":""}},"footnotes":""},"class_list":["post-17563","page","type-page","status-publish","hentry"],"acf":[],"yoast_head":"<!-- This site is optimized with the Yoast SEO plugin v21.7 - https:\/\/yoast.com\/wordpress\/plugins\/seo\/ -->\n<title>Tecnolog\u00edas | Igi&amp;Co<\/title>\n<meta name=\"description\" content=\"Igi&amp;Co | Tecnolog\u00edas | Descubre las tecnolog\u00edas con las que fabricamos nuestro calzado y los plus de nuestros productos IGI&amp;CO\" \/>\n<meta name=\"robots\" content=\"index, follow, max-snippet:-1, max-image-preview:large, max-video-preview:-1\" \/>\n<link rel=\"canonical\" href=\"https:\/\/www.igieco.it\/es\/tecnologias\/\" \/>\n<meta property=\"og:locale\" content=\"es_ES\" \/>\n<meta property=\"og:type\" content=\"article\" \/>\n<meta property=\"og:title\" content=\"Tecnolog\u00edas | Igi&amp;Co\" \/>\n<meta property=\"og:description\" content=\"Igi&amp;Co | Tecnolog\u00edas | Descubre las tecnolog\u00edas con las que fabricamos nuestro calzado y los plus de nuestros productos IGI&amp;CO\" \/>\n<meta property=\"og:url\" content=\"https:\/\/www.igieco.it\/es\/tecnologias\/\" \/>\n<meta property=\"og:site_name\" content=\"Igi&amp;Co\" \/>\n<meta property=\"article:publisher\" content=\"https:\/\/www.facebook.com\/IgiCo-Store-284085865540409\/\" \/>\n<meta property=\"article:modified_time\" content=\"2023-11-27T16:33:54+00:00\" \/>\n<meta name=\"twitter:card\" content=\"summary_large_image\" \/>\n<script type=\"application\/ld+json\" class=\"yoast-schema-graph\">{\"@context\":\"https:\/\/schema.org\",\"@graph\":[{\"@type\":\"WebPage\",\"@id\":\"https:\/\/www.igieco.it\/es\/tecnologias\/\",\"url\":\"https:\/\/www.igieco.it\/es\/tecnologias\/\",\"name\":\"Tecnolog\u00edas | Igi&amp;Co\",\"isPartOf\":{\"@id\":\"https:\/\/www.igieco.it\/es\/#website\"},\"datePublished\":\"2023-04-04T16:54:38+00:00\",\"dateModified\":\"2023-11-27T16:33:54+00:00\",\"description\":\"Igi&amp;Co | Tecnolog\u00edas | Descubre las tecnolog\u00edas con las que fabricamos nuestro calzado y los plus de nuestros productos IGI&CO\",\"breadcrumb\":{\"@id\":\"https:\/\/www.igieco.it\/es\/tecnologias\/#breadcrumb\"},\"inLanguage\":\"es\",\"potentialAction\":[{\"@type\":\"ReadAction\",\"target\":[\"https:\/\/www.igieco.it\/es\/tecnologias\/\"]}]},{\"@type\":\"BreadcrumbList\",\"@id\":\"https:\/\/www.igieco.it\/es\/tecnologias\/#breadcrumb\",\"itemListElement\":[{\"@type\":\"ListItem\",\"position\":1,\"name\":\"La marca\",\"item\":\"https:\/\/www.igieco.it\/es\/la-marca\/\"},{\"@type\":\"ListItem\",\"position\":2,\"name\":\"Tecnolog\u00edas\"}]},{\"@type\":\"WebSite\",\"@id\":\"https:\/\/www.igieco.it\/es\/#website\",\"url\":\"https:\/\/www.igieco.it\/es\/\",\"name\":\"Igi&Co\",\"description\":\"\",\"publisher\":{\"@id\":\"https:\/\/www.igieco.it\/es\/#organization\"},\"potentialAction\":[{\"@type\":\"SearchAction\",\"target\":{\"@type\":\"EntryPoint\",\"urlTemplate\":\"https:\/\/www.igieco.it\/es\/?s={search_term_string}\"},\"query-input\":\"required name=search_term_string\"}],\"inLanguage\":\"es\"},{\"@type\":\"Organization\",\"@id\":\"https:\/\/www.igieco.it\/es\/#organization\",\"name\":\"Igi&Co\",\"url\":\"https:\/\/www.igieco.it\/es\/\",\"logo\":{\"@type\":\"ImageObject\",\"inLanguage\":\"es\",\"@id\":\"https:\/\/www.igieco.it\/es\/#\/schema\/logo\/image\/\",\"url\":\"https:\/\/www.igieco.it\/wp-content\/uploads\/2023\/11\/logo.jpg\",\"contentUrl\":\"https:\/\/www.igieco.it\/wp-content\/uploads\/2023\/11\/logo.jpg\",\"width\":1080,\"height\":1080,\"caption\":\"Igi&Co\"},\"image\":{\"@id\":\"https:\/\/www.igieco.it\/es\/#\/schema\/logo\/image\/\"},\"sameAs\":[\"https:\/\/www.facebook.com\/IgiCo-Store-284085865540409\/\",\"https:\/\/www.instagram.com\/igieco_official\/\",\"https:\/\/www.youtube.com\/@igieco_official\"]}]}<\/script>\n<!-- \/ Yoast SEO plugin. -->","yoast_head_json":{"title":"Tecnolog\u00edas | Igi&amp;Co","description":"Igi&amp;Co | Tecnolog\u00edas | Descubre las tecnolog\u00edas con las que fabricamos nuestro calzado y los plus de nuestros productos IGI&CO","robots":{"index":"index","follow":"follow","max-snippet":"max-snippet:-1","max-image-preview":"max-image-preview:large","max-video-preview":"max-video-preview:-1"},"canonical":"https:\/\/www.igieco.it\/es\/tecnologias\/","og_locale":"es_ES","og_type":"article","og_title":"Tecnolog\u00edas | Igi&amp;Co","og_description":"Igi&amp;Co | Tecnolog\u00edas | Descubre las tecnolog\u00edas con las que fabricamos nuestro calzado y los plus de nuestros productos IGI&CO","og_url":"https:\/\/www.igieco.it\/es\/tecnologias\/","og_site_name":"Igi&amp;Co","article_publisher":"https:\/\/www.facebook.com\/IgiCo-Store-284085865540409\/","article_modified_time":"2023-11-27T16:33:54+00:00","twitter_card":"summary_large_image","schema":{"@context":"https:\/\/schema.org","@graph":[{"@type":"WebPage","@id":"https:\/\/www.igieco.it\/es\/tecnologias\/","url":"https:\/\/www.igieco.it\/es\/tecnologias\/","name":"Tecnolog\u00edas | Igi&amp;Co","isPartOf":{"@id":"https:\/\/www.igieco.it\/es\/#website"},"datePublished":"2023-04-04T16:54:38+00:00","dateModified":"2023-11-27T16:33:54+00:00","description":"Igi&amp;Co | Tecnolog\u00edas | Descubre las tecnolog\u00edas con las que fabricamos nuestro calzado y los plus de nuestros productos IGI&CO","breadcrumb":{"@id":"https:\/\/www.igieco.it\/es\/tecnologias\/#breadcrumb"},"inLanguage":"es","potentialAction":[{"@type":"ReadAction","target":["https:\/\/www.igieco.it\/es\/tecnologias\/"]}]},{"@type":"BreadcrumbList","@id":"https:\/\/www.igieco.it\/es\/tecnologias\/#breadcrumb","itemListElement":[{"@type":"ListItem","position":1,"name":"La marca","item":"https:\/\/www.igieco.it\/es\/la-marca\/"},{"@type":"ListItem","position":2,"name":"Tecnolog\u00edas"}]},{"@type":"WebSite","@id":"https:\/\/www.igieco.it\/es\/#website","url":"https:\/\/www.igieco.it\/es\/","name":"Igi&Co","description":"","publisher":{"@id":"https:\/\/www.igieco.it\/es\/#organization"},"potentialAction":[{"@type":"SearchAction","target":{"@type":"EntryPoint","urlTemplate":"https:\/\/www.igieco.it\/es\/?s={search_term_string}"},"query-input":"required name=search_term_string"}],"inLanguage":"es"},{"@type":"Organization","@id":"https:\/\/www.igieco.it\/es\/#organization","name":"Igi&Co","url":"https:\/\/www.igieco.it\/es\/","logo":{"@type":"ImageObject","inLanguage":"es","@id":"https:\/\/www.igieco.it\/es\/#\/schema\/logo\/image\/","url":"https:\/\/www.igieco.it\/wp-content\/uploads\/2023\/11\/logo.jpg","contentUrl":"https:\/\/www.igieco.it\/wp-content\/uploads\/2023\/11\/logo.jpg","width":1080,"height":1080,"caption":"Igi&Co"},"image":{"@id":"https:\/\/www.igieco.it\/es\/#\/schema\/logo\/image\/"},"sameAs":["https:\/\/www.facebook.com\/IgiCo-Store-284085865540409\/","https:\/\/www.instagram.com\/igieco_official\/","https:\/\/www.youtube.com\/@igieco_official"]}]}},"wpml_current_locale":"es_ES","wpml_translations":{"it_IT":{"locale":"it_IT","id":3577,"slug":"tecnologie","post_title":"Tecnologie","href":"https:\/\/www.igieco.it\/il-brand\/tecnologie\/"},"en_US":{"locale":"en_US","id":15918,"slug":"technologies","post_title":"Technologies","href":"https:\/\/www.igieco.it\/en\/technologies\/"},"fr_FR":{"locale":"fr_FR","id":15919,"slug":"technologies","post_title":"Technologies","href":"https:\/\/www.igieco.it\/fr\/technologies\/"},"de_DE":{"locale":"de_DE","id":17543,"slug":"technologien","post_title":"Technologien","href":"https:\/\/www.igieco.it\/de\/technologien\/"},"ru_RU":{"locale":"ru_RU","id":17566,"slug":"%d1%82%d0%b5%d1%85%d0%bd%d0%be%d0%bb%d0%be%d0%b3%d0%b8%d1%8f","post_title":"\u0422\u0435\u0445\u043d\u043e\u043b\u043e\u0433\u0438\u044f","href":"https:\/\/www.igieco.it\/ru\/%D1%82%D0%B5%D1%85%D0%BD%D0%BE%D0%BB%D0%BE%D0%B3%D0%B8%D1%8F\/"}},"_links":{"self":[{"href":"https:\/\/www.igieco.it\/es\/wp-json\/wp\/v2\/pages\/17563","targetHints":{"allow":["GET"]}}],"collection":[{"href":"https:\/\/www.igieco.it\/es\/wp-json\/wp\/v2\/pages"}],"about":[{"href":"https:\/\/www.igieco.it\/es\/wp-json\/wp\/v2\/types\/page"}],"author":[{"embeddable":true,"href":"https:\/\/www.igieco.it\/es\/wp-json\/wp\/v2\/users\/4"}],"replies":[{"embeddable":true,"href":"https:\/\/www.igieco.it\/es\/wp-json\/wp\/v2\/comments?post=17563"}],"version-history":[{"count":1,"href":"https:\/\/www.igieco.it\/es\/wp-json\/wp\/v2\/pages\/17563\/revisions"}],"predecessor-version":[{"id":17619,"href":"https:\/\/www.igieco.it\/es\/wp-json\/wp\/v2\/pages\/17563\/revisions\/17619"}],"up":[{"embeddable":true,"href":"https:\/\/www.igieco.it\/es\/wp-json\/wp\/v2\/pages\/15898"}],"wp:attachment":[{"href":"https:\/\/www.igieco.it\/es\/wp-json\/wp\/v2\/media?parent=17563"}],"curies":[{"name":"wp","href":"https:\/\/api.w.org\/{rel}","templated":true}]}}