{"id":17654,"date":"2023-11-28T17:30:34","date_gmt":"2023-11-28T16:30:34","guid":{"rendered":"https:\/\/www.igieco.it\/new-in\/"},"modified":"2023-12-12T15:15:53","modified_gmt":"2023-12-12T14:15:53","slug":"new-in","status":"publish","type":"page","link":"https:\/\/www.igieco.it\/fr\/new-in\/","title":{"rendered":"New In"},"content":{"rendered":"\t\t<div data-elementor-type=\"wp-page\" data-elementor-id=\"17654\" class=\"elementor elementor-17654 elementor-17651\" data-elementor-post-type=\"page\">\n\t\t\t\t\t\t<section class=\"elementor-section elementor-top-section elementor-element elementor-element-3a9c5de elementor-section-boxed elementor-section-height-default elementor-section-height-default\" data-id=\"3a9c5de\" data-element_type=\"section\">\n\t\t\t\t\t\t<div class=\"elementor-container elementor-column-gap-default\">\n\t\t\t\t\t<div class=\"elementor-column elementor-col-100 elementor-top-column elementor-element elementor-element-6bc0e6a\" data-id=\"6bc0e6a\" data-element_type=\"column\">\n\t\t\t<div class=\"elementor-widget-wrap elementor-element-populated\">\n\t\t\t\t\t\t<div class=\"elementor-element elementor-element-a8b1011 elementor-widget elementor-widget-heading\" data-id=\"a8b1011\" data-element_type=\"widget\" data-widget_type=\"heading.default\">\n\t\t\t\t<div class=\"elementor-widget-container\">\n\t\t\t\t\t<h2 class=\"elementor-heading-title elementor-size-default\"><b>Under construction...<\/b><\/h2>\t\t\t\t<\/div>\n\t\t\t\t<\/div>\n\t\t\t\t\t<\/div>\n\t\t<\/div>\n\t\t\t\t\t<\/div>\n\t\t<\/section>\n\t\t\t\t<\/div>\n\t\t","protected":false},"excerpt":{"rendered":"<p>Under construction&#8230;<\/p>\n","protected":false},"author":6,"featured_media":0,"parent":0,"menu_order":0,"comment_status":"closed","ping_status":"closed","template":"","meta":{"_acf_changed":false,"site-sidebar-layout":"no-sidebar","site-content-layout":"page-builder","ast-site-content-layout":"","site-content-style":"default","site-sidebar-style":"default","ast-global-header-display":"","ast-banner-title-visibility":"","ast-main-header-display":"","ast-hfb-above-header-display":"","ast-hfb-below-header-display":"","ast-hfb-mobile-header-display":"","site-post-title":"disabled","ast-breadcrumbs-content":"","ast-featured-img":"disabled","footer-sml-layout":"","theme-transparent-header-meta":"","adv-header-id-meta":"","stick-header-meta":"","header-above-stick-meta":"","header-main-stick-meta":"","header-below-stick-meta":"","astra-migrate-meta-layouts":"","ast-page-background-enabled":"default","ast-page-background-meta":{"desktop":{"background-color":"var(--ast-global-color-4)","background-image":"","background-repeat":"repeat","background-position":"center center","background-size":"auto","background-attachment":"scroll","background-type":"","background-media":"","overlay-type":"","overlay-color":"","overlay-gradient":""},"tablet":{"background-color":"","background-image":"","background-repeat":"repeat","background-position":"center center","background-size":"auto","background-attachment":"scroll","background-type":"","background-media":"","overlay-type":"","overlay-color":"","overlay-gradient":""},"mobile":{"background-color":"","background-image":"","background-repeat":"repeat","background-position":"center center","background-size":"auto","background-attachment":"scroll","background-type":"","background-media":"","overlay-type":"","overlay-color":"","overlay-gradient":""}},"ast-content-background-meta":{"desktop":{"background-color":"var(--ast-global-color-5)","background-image":"","background-repeat":"repeat","background-position":"center center","background-size":"auto","background-attachment":"scroll","background-type":"","background-media":"","overlay-type":"","overlay-color":"","overlay-gradient":""},"tablet":{"background-color":"var(--ast-global-color-5)","background-image":"","background-repeat":"repeat","background-position":"center center","background-size":"auto","background-attachment":"scroll","background-type":"","background-media":"","overlay-type":"","overlay-color":"","overlay-gradient":""},"mobile":{"background-color":"var(--ast-global-color-5)","background-image":"","background-repeat":"repeat","background-position":"center center","background-size":"auto","background-attachment":"scroll","background-type":"","background-media":"","overlay-type":"","overlay-color":"","overlay-gradient":""}},"footnotes":""},"class_list":["post-17654","page","type-page","status-publish","hentry"],"acf":[],"yoast_head":"<!-- This site is optimized with the Yoast SEO plugin v21.7 - https:\/\/yoast.com\/wordpress\/plugins\/seo\/ -->\n<title>New In | Igi&amp;Co<\/title>\n<meta name=\"description\" content=\"D\u00e9couvrez les nouveaut\u00e9s de la collection IGI&amp;CO s\u00e9lectionn\u00e9es pour vous. Des propositions de style pour toutes les occasions.\" \/>\n<meta name=\"robots\" content=\"index, follow, max-snippet:-1, max-image-preview:large, max-video-preview:-1\" \/>\n<link rel=\"canonical\" href=\"https:\/\/www.igieco.it\/fr\/new-in\/\" \/>\n<meta property=\"og:locale\" content=\"fr_FR\" \/>\n<meta property=\"og:type\" content=\"article\" \/>\n<meta property=\"og:title\" content=\"New In | Igi&amp;Co\" \/>\n<meta property=\"og:description\" content=\"D\u00e9couvrez les nouveaut\u00e9s de la collection IGI&amp;CO s\u00e9lectionn\u00e9es pour vous. Des propositions de style pour toutes les occasions.\" \/>\n<meta property=\"og:url\" content=\"https:\/\/www.igieco.it\/fr\/new-in\/\" \/>\n<meta property=\"og:site_name\" content=\"Igi&amp;Co\" \/>\n<meta property=\"article:publisher\" content=\"https:\/\/www.facebook.com\/IgiCo-Store-284085865540409\/\" \/>\n<meta property=\"article:modified_time\" content=\"2023-12-12T14:15:53+00:00\" \/>\n<meta name=\"twitter:card\" content=\"summary_large_image\" \/>\n<script type=\"application\/ld+json\" class=\"yoast-schema-graph\">{\"@context\":\"https:\/\/schema.org\",\"@graph\":[{\"@type\":\"WebPage\",\"@id\":\"https:\/\/www.igieco.it\/fr\/new-in\/\",\"url\":\"https:\/\/www.igieco.it\/fr\/new-in\/\",\"name\":\"New In | Igi&amp;Co\",\"isPartOf\":{\"@id\":\"https:\/\/www.igieco.it\/fr\/#website\"},\"datePublished\":\"2023-11-28T16:30:34+00:00\",\"dateModified\":\"2023-12-12T14:15:53+00:00\",\"description\":\"D\u00e9couvrez les nouveaut\u00e9s de la collection IGI&CO s\u00e9lectionn\u00e9es pour vous. Des propositions de style pour toutes les occasions.\",\"inLanguage\":\"fr-FR\",\"potentialAction\":[{\"@type\":\"ReadAction\",\"target\":[\"https:\/\/www.igieco.it\/fr\/new-in\/\"]}]},{\"@type\":\"WebSite\",\"@id\":\"https:\/\/www.igieco.it\/fr\/#website\",\"url\":\"https:\/\/www.igieco.it\/fr\/\",\"name\":\"Igi&Co\",\"description\":\"\",\"publisher\":{\"@id\":\"https:\/\/www.igieco.it\/fr\/#organization\"},\"potentialAction\":[{\"@type\":\"SearchAction\",\"target\":{\"@type\":\"EntryPoint\",\"urlTemplate\":\"https:\/\/www.igieco.it\/fr\/?s={search_term_string}\"},\"query-input\":\"required name=search_term_string\"}],\"inLanguage\":\"fr-FR\"},{\"@type\":\"Organization\",\"@id\":\"https:\/\/www.igieco.it\/fr\/#organization\",\"name\":\"Igi&Co\",\"url\":\"https:\/\/www.igieco.it\/fr\/\",\"logo\":{\"@type\":\"ImageObject\",\"inLanguage\":\"fr-FR\",\"@id\":\"https:\/\/www.igieco.it\/fr\/#\/schema\/logo\/image\/\",\"url\":\"https:\/\/www.igieco.it\/wp-content\/uploads\/2023\/11\/logo.jpg\",\"contentUrl\":\"https:\/\/www.igieco.it\/wp-content\/uploads\/2023\/11\/logo.jpg\",\"width\":1080,\"height\":1080,\"caption\":\"Igi&Co\"},\"image\":{\"@id\":\"https:\/\/www.igieco.it\/fr\/#\/schema\/logo\/image\/\"},\"sameAs\":[\"https:\/\/www.facebook.com\/IgiCo-Store-284085865540409\/\",\"https:\/\/www.instagram.com\/igieco_official\/\",\"https:\/\/www.youtube.com\/@igieco_official\"]}]}<\/script>\n<!-- \/ Yoast SEO plugin. -->","yoast_head_json":{"title":"New In | Igi&amp;Co","description":"D\u00e9couvrez les nouveaut\u00e9s de la collection IGI&CO s\u00e9lectionn\u00e9es pour vous. Des propositions de style pour toutes les occasions.","robots":{"index":"index","follow":"follow","max-snippet":"max-snippet:-1","max-image-preview":"max-image-preview:large","max-video-preview":"max-video-preview:-1"},"canonical":"https:\/\/www.igieco.it\/fr\/new-in\/","og_locale":"fr_FR","og_type":"article","og_title":"New In | Igi&amp;Co","og_description":"D\u00e9couvrez les nouveaut\u00e9s de la collection IGI&CO s\u00e9lectionn\u00e9es pour vous. Des propositions de style pour toutes les occasions.","og_url":"https:\/\/www.igieco.it\/fr\/new-in\/","og_site_name":"Igi&amp;Co","article_publisher":"https:\/\/www.facebook.com\/IgiCo-Store-284085865540409\/","article_modified_time":"2023-12-12T14:15:53+00:00","twitter_card":"summary_large_image","schema":{"@context":"https:\/\/schema.org","@graph":[{"@type":"WebPage","@id":"https:\/\/www.igieco.it\/fr\/new-in\/","url":"https:\/\/www.igieco.it\/fr\/new-in\/","name":"New In | Igi&amp;Co","isPartOf":{"@id":"https:\/\/www.igieco.it\/fr\/#website"},"datePublished":"2023-11-28T16:30:34+00:00","dateModified":"2023-12-12T14:15:53+00:00","description":"D\u00e9couvrez les nouveaut\u00e9s de la collection IGI&CO s\u00e9lectionn\u00e9es pour vous. Des propositions de style pour toutes les occasions.","inLanguage":"fr-FR","potentialAction":[{"@type":"ReadAction","target":["https:\/\/www.igieco.it\/fr\/new-in\/"]}]},{"@type":"WebSite","@id":"https:\/\/www.igieco.it\/fr\/#website","url":"https:\/\/www.igieco.it\/fr\/","name":"Igi&Co","description":"","publisher":{"@id":"https:\/\/www.igieco.it\/fr\/#organization"},"potentialAction":[{"@type":"SearchAction","target":{"@type":"EntryPoint","urlTemplate":"https:\/\/www.igieco.it\/fr\/?s={search_term_string}"},"query-input":"required name=search_term_string"}],"inLanguage":"fr-FR"},{"@type":"Organization","@id":"https:\/\/www.igieco.it\/fr\/#organization","name":"Igi&Co","url":"https:\/\/www.igieco.it\/fr\/","logo":{"@type":"ImageObject","inLanguage":"fr-FR","@id":"https:\/\/www.igieco.it\/fr\/#\/schema\/logo\/image\/","url":"https:\/\/www.igieco.it\/wp-content\/uploads\/2023\/11\/logo.jpg","contentUrl":"https:\/\/www.igieco.it\/wp-content\/uploads\/2023\/11\/logo.jpg","width":1080,"height":1080,"caption":"Igi&Co"},"image":{"@id":"https:\/\/www.igieco.it\/fr\/#\/schema\/logo\/image\/"},"sameAs":["https:\/\/www.facebook.com\/IgiCo-Store-284085865540409\/","https:\/\/www.instagram.com\/igieco_official\/","https:\/\/www.youtube.com\/@igieco_official"]}]}},"wpml_current_locale":"fr_FR","wpml_translations":{"it_IT":{"locale":"it_IT","id":17651,"slug":"new-in","post_title":"New In","href":"https:\/\/www.igieco.it\/new-in-igieco\/"},"en_US":{"locale":"en_US","id":17653,"slug":"new-in","post_title":"New In","href":"https:\/\/www.igieco.it\/en\/new-in\/"},"de_DE":{"locale":"de_DE","id":17655,"slug":"new-in","post_title":"New In","href":"https:\/\/www.igieco.it\/de\/new-in\/"},"ru_RU":{"locale":"ru_RU","id":17656,"slug":"new-in","post_title":"New In","href":"https:\/\/www.igieco.it\/ru\/new-in\/"},"es_ES":{"locale":"es_ES","id":17657,"slug":"new-in","post_title":"New In","href":"https:\/\/www.igieco.it\/es\/new-in\/"}},"_links":{"self":[{"href":"https:\/\/www.igieco.it\/fr\/wp-json\/wp\/v2\/pages\/17654","targetHints":{"allow":["GET"]}}],"collection":[{"href":"https:\/\/www.igieco.it\/fr\/wp-json\/wp\/v2\/pages"}],"about":[{"href":"https:\/\/www.igieco.it\/fr\/wp-json\/wp\/v2\/types\/page"}],"author":[{"embeddable":true,"href":"https:\/\/www.igieco.it\/fr\/wp-json\/wp\/v2\/users\/6"}],"replies":[{"embeddable":true,"href":"https:\/\/www.igieco.it\/fr\/wp-json\/wp\/v2\/comments?post=17654"}],"version-history":[{"count":2,"href":"https:\/\/www.igieco.it\/fr\/wp-json\/wp\/v2\/pages\/17654\/revisions"}],"predecessor-version":[{"id":17727,"href":"https:\/\/www.igieco.it\/fr\/wp-json\/wp\/v2\/pages\/17654\/revisions\/17727"}],"wp:attachment":[{"href":"https:\/\/www.igieco.it\/fr\/wp-json\/wp\/v2\/media?parent=17654"}],"curies":[{"name":"wp","href":"https:\/\/api.w.org\/{rel}","templated":true}]}}